{"id":2030,"date":"2016-11-09T17:40:05","date_gmt":"2016-11-09T16:40:05","guid":{"rendered":"http:\/\/1.dev.ydyle.fr\/?page_id=2030"},"modified":"2021-03-15T19:03:17","modified_gmt":"2021-03-15T18:03:17","slug":"mentions-legales","status":"publish","type":"page","link":"https:\/\/www.relais-monceau.com\/fr\/mentions-legales\/","title":{"rendered":"Mentions L\u00e9gales"},"content":{"rendered":"\t\t<div data-elementor-type=\"wp-page\" data-elementor-id=\"2030\" class=\"elementor elementor-2030\">\n\t\t\t\t\t\t<section class=\"elementor-section elementor-top-section elementor-element elementor-element-2242d7c elementor-section-boxed elementor-section-height-default elementor-section-height-default\" data-id=\"2242d7c\" data-element_type=\"section\" data-e-type=\"section\">\n\t\t\t\t\t\t<div class=\"elementor-container elementor-column-gap-default\">\n\t\t\t\t\t<div class=\"elementor-column elementor-col-100 elementor-top-column elementor-element elementor-element-842f5bc\" data-id=\"842f5bc\" data-element_type=\"column\" data-e-type=\"column\">\n\t\t\t<div class=\"elementor-widget-wrap elementor-element-populated\">\n\t\t\t\t\t\t<div class=\"elementor-element elementor-element-31d94e7 elementor-widget elementor-widget-heading\" data-id=\"31d94e7\" data-element_type=\"widget\" data-e-type=\"widget\" data-widget_type=\"heading.default\">\n\t\t\t\t<div class=\"elementor-widget-container\">\n\t\t\t\t\t<h1 class=\"elementor-heading-title elementor-size-xl\">Mentions L\u00e9gales<\/h1>\t\t\t\t<\/div>\n\t\t\t\t<\/div>\n\t\t\t\t\t<\/div>\n\t\t<\/div>\n\t\t\t\t\t<\/div>\n\t\t<\/section>\n\t\t\t\t<section class=\"elementor-section elementor-top-section elementor-element elementor-element-b7a2ae2 elementor-section-boxed elementor-section-height-default elementor-section-height-default\" data-id=\"b7a2ae2\" data-element_type=\"section\" data-e-type=\"section\">\n\t\t\t\t\t\t<div class=\"elementor-container elementor-column-gap-default\">\n\t\t\t\t\t<div class=\"elementor-column elementor-col-100 elementor-top-column elementor-element elementor-element-b8a7611\" data-id=\"b8a7611\" data-element_type=\"column\" data-e-type=\"column\">\n\t\t\t<div class=\"elementor-widget-wrap elementor-element-populated\">\n\t\t\t\t\t\t<div class=\"elementor-element elementor-element-534ce51 elementor-widget elementor-widget-heading\" data-id=\"534ce51\" data-element_type=\"widget\" data-e-type=\"widget\" data-widget_type=\"heading.default\">\n\t\t\t\t<div class=\"elementor-widget-container\">\n\t\t\t\t\t<h2 class=\"elementor-heading-title elementor-size-default\">Informations \u00e9diteur et coordonn\u00e9es<\/h2>\t\t\t\t<\/div>\n\t\t\t\t<\/div>\n\t\t\t\t\t<\/div>\n\t\t<\/div>\n\t\t\t\t\t<\/div>\n\t\t<\/section>\n\t\t\t\t<section class=\"elementor-section elementor-top-section elementor-element elementor-element-67183ed elementor-section-boxed elementor-section-height-default elementor-section-height-default\" data-id=\"67183ed\" data-element_type=\"section\" data-e-type=\"section\">\n\t\t\t\t\t\t<div class=\"elementor-container elementor-column-gap-default\">\n\t\t\t\t\t<div class=\"elementor-column elementor-col-100 elementor-top-column elementor-element elementor-element-994a0c8\" data-id=\"994a0c8\" data-element_type=\"column\" data-e-type=\"column\">\n\t\t\t<div class=\"elementor-widget-wrap elementor-element-populated\">\n\t\t\t\t\t\t<div class=\"elementor-element elementor-element-a1fabf5 elementor-widget elementor-widget-text-editor\" data-id=\"a1fabf5\" data-element_type=\"widget\" data-e-type=\"widget\" data-widget_type=\"text-editor.default\">\n\t\t\t\t<div class=\"elementor-widget-container\">\n\t\t\t\t\t\t\t\t\t<p class=\"main_content\">Pour toutes suggestions, informations, concernant notre site, n\u2019h\u00e9sitez pas \u00e0 nous \u00e9crire :<\/p><p class=\"main_content\">H\u00f4tel**** Relais Monceau<\/p><p class=\"main_content\">85, rue du Rocher &#8211; 75008 Paris &#8211; France<\/p><p class=\"main_content\">T\u00e9l.: +33(0)1 45 22 75 11 &#8211; Fax.: +33(0)1 45 22 30 88<\/p><p class=\"main_content\">Email :\u00a0<a href=\"mailto:monceau@designhotelst.com\">monceau@designhotelst.com<\/a><\/p><p class=\"main_content\"><a href=\"https:\/\/www.relais-monceau.com\/fr\/\">www.relais-monceau.com<\/a><\/p>\t\t\t\t\t\t\t\t<\/div>\n\t\t\t\t<\/div>\n\t\t\t\t\t<\/div>\n\t\t<\/div>\n\t\t\t\t\t<\/div>\n\t\t<\/section>\n\t\t\t\t<section class=\"elementor-section elementor-top-section elementor-element elementor-element-a91a52a elementor-section-boxed elementor-section-height-default elementor-section-height-default\" data-id=\"a91a52a\" data-element_type=\"section\" data-e-type=\"section\">\n\t\t\t\t\t\t<div class=\"elementor-container elementor-column-gap-default\">\n\t\t\t\t\t<div class=\"elementor-column elementor-col-100 elementor-top-column elementor-element elementor-element-9139674\" data-id=\"9139674\" data-element_type=\"column\" data-e-type=\"column\">\n\t\t\t<div class=\"elementor-widget-wrap elementor-element-populated\">\n\t\t\t\t\t\t<div class=\"elementor-element elementor-element-1d9195f elementor-widget elementor-widget-heading\" data-id=\"1d9195f\" data-element_type=\"widget\" data-e-type=\"widget\" data-widget_type=\"heading.default\">\n\t\t\t\t<div class=\"elementor-widget-container\">\n\t\t\t\t\t<h2 class=\"elementor-heading-title elementor-size-large\">Conception et d\u00e9veloppement<\/h2>\t\t\t\t<\/div>\n\t\t\t\t<\/div>\n\t\t\t\t\t<\/div>\n\t\t<\/div>\n\t\t\t\t\t<\/div>\n\t\t<\/section>\n\t\t\t\t<section class=\"elementor-section elementor-top-section elementor-element elementor-element-dc274dc elementor-section-boxed elementor-section-height-default elementor-section-height-default\" data-id=\"dc274dc\" data-element_type=\"section\" data-e-type=\"section\">\n\t\t\t\t\t\t<div class=\"elementor-container elementor-column-gap-default\">\n\t\t\t\t\t<div class=\"elementor-column elementor-col-100 elementor-top-column elementor-element elementor-element-6b72ec4\" data-id=\"6b72ec4\" data-element_type=\"column\" data-e-type=\"column\">\n\t\t\t<div class=\"elementor-widget-wrap elementor-element-populated\">\n\t\t\t\t\t\t<div class=\"elementor-element elementor-element-d9defdb elementor-widget elementor-widget-text-editor\" data-id=\"d9defdb\" data-element_type=\"widget\" data-e-type=\"widget\" data-widget_type=\"text-editor.default\">\n\t\t\t\t<div class=\"elementor-widget-container\">\n\t\t\t\t\t\t\t\t\t<p class=\"main_content\">Ce site internet a \u00e9t\u00e9 con\u00e7u et r\u00e9alis\u00e9 par :<\/p><p class=\"main_content\">Groupe Ydyle<\/p><p class=\"main_content\">35-37 Avenue Paul Doumer<\/p><p class=\"main_content\">75116 Paris<\/p><p class=\"main_content\"><a href=\"http:\/\/www.groupe-ydyle.fr\/\" target=\"_blank\" rel=\"noopener\">www.groupe-ydyle.fr<\/a><\/p>\t\t\t\t\t\t\t\t<\/div>\n\t\t\t\t<\/div>\n\t\t\t\t\t<\/div>\n\t\t<\/div>\n\t\t\t\t\t<\/div>\n\t\t<\/section>\n\t\t\t\t<section class=\"elementor-section elementor-top-section elementor-element elementor-element-c03b6ee elementor-section-boxed elementor-section-height-default elementor-section-height-default\" data-id=\"c03b6ee\" data-element_type=\"section\" data-e-type=\"section\">\n\t\t\t\t\t\t<div class=\"elementor-container elementor-column-gap-default\">\n\t\t\t\t\t<div class=\"elementor-column elementor-col-100 elementor-top-column elementor-element elementor-element-50f143f\" data-id=\"50f143f\" data-element_type=\"column\" data-e-type=\"column\">\n\t\t\t<div class=\"elementor-widget-wrap elementor-element-populated\">\n\t\t\t\t\t\t<div class=\"elementor-element elementor-element-9c0c89a elementor-widget elementor-widget-heading\" data-id=\"9c0c89a\" data-element_type=\"widget\" data-e-type=\"widget\" data-widget_type=\"heading.default\">\n\t\t\t\t<div class=\"elementor-widget-container\">\n\t\t\t\t\t<h2 class=\"elementor-heading-title elementor-size-large\">Traitement des donn\u00e9es personnelles<\/h2>\t\t\t\t<\/div>\n\t\t\t\t<\/div>\n\t\t\t\t\t<\/div>\n\t\t<\/div>\n\t\t\t\t\t<\/div>\n\t\t<\/section>\n\t\t\t\t<section class=\"elementor-section elementor-top-section elementor-element elementor-element-026e172 elementor-section-boxed elementor-section-height-default elementor-section-height-default\" data-id=\"026e172\" data-element_type=\"section\" data-e-type=\"section\">\n\t\t\t\t\t\t<div class=\"elementor-container elementor-column-gap-default\">\n\t\t\t\t\t<div class=\"elementor-column elementor-col-100 elementor-top-column elementor-element elementor-element-0be83eb\" data-id=\"0be83eb\" data-element_type=\"column\" data-e-type=\"column\">\n\t\t\t<div class=\"elementor-widget-wrap elementor-element-populated\">\n\t\t\t\t\t\t<div class=\"elementor-element elementor-element-17f170d elementor-widget elementor-widget-text-editor\" data-id=\"17f170d\" data-element_type=\"widget\" data-e-type=\"widget\" data-widget_type=\"text-editor.default\">\n\t\t\t\t<div class=\"elementor-widget-container\">\n\t\t\t\t\t\t\t\t\t<p class=\"main_content\" style=\"font-size: 16px; color: #000000;\">Les cookies sont des informations plac\u00e9es sur votre \u00e9quipement par un site Web lorsque vous visitez ce site.<\/p><p class=\"main_content\" style=\"font-size: 16px; color: #000000;\">Les cookies nous permettent de personnaliser le contenu et d&rsquo;analyser notre trafic. Nous partageons \u00e9galement des informations sur l&rsquo;utilisation de notre site avec nos partenaires de publicit\u00e9 et d&rsquo;analyse, qui peuvent combiner celles-ci avec d&rsquo;autres informations que vous leur avez fournies ou qu&rsquo;ils ont collect\u00e9es lors de votre utilisation de leurs services.<\/p><p class=\"main_content\" style=\"font-size: 16px; color: #000000;\">Nous nous engageons \u00e0 respecter les dispositions de la loi sur l&rsquo;informatique et les libert\u00e9s (article 27 de la loi n\u00b078-17 du 6 janvier 1978). En cons\u00e9quence vous disposez d &lsquo;un droit d&rsquo;acc\u00e8s, de modification, de rectification et de suppression des donn\u00e9es qui vous concernent. Pour exercer ce droit, adressez-vous \u00e0 :\u00a0<a href=\"mailto:monceau@designhotelst.com\">monceau@designhotelst.com<\/a><\/p><p class=\"main_content\" style=\"font-size: 16px; color: #000000;\">Le site de la CNIL :\u00a0<a href=\"https:\/\/www.cnil.fr\/\" target=\"_blank\" rel=\"noopener\">www.cnil.fr<\/a><\/p>\t\t\t\t\t\t\t\t<\/div>\n\t\t\t\t<\/div>\n\t\t\t\t\t<\/div>\n\t\t<\/div>\n\t\t\t\t\t<\/div>\n\t\t<\/section>\n\t\t\t\t<\/div>\n\t\t","protected":false},"excerpt":{"rendered":"<p>Mentions L\u00e9gales Informations \u00e9diteur et coordonn\u00e9es Pour toutes suggestions, informations, concernant notre site, n\u2019h\u00e9sitez pas \u00e0 nous \u00e9crire : H\u00f4tel**** [&hellip;]<\/p>\n","protected":false},"author":3,"featured_media":3113,"parent":0,"menu_order":0,"comment_status":"closed","ping_status":"closed","template":"","meta":{"footnotes":""},"class_list":["post-2030","page","type-page","status-publish","has-post-thumbnail","hentry"],"_links":{"self":[{"href":"https:\/\/www.relais-monceau.com\/fr\/wp-json\/wp\/v2\/pages\/2030","targetHints":{"allow":["GET"]}}],"collection":[{"href":"https:\/\/www.relais-monceau.com\/fr\/wp-json\/wp\/v2\/pages"}],"about":[{"href":"https:\/\/www.relais-monceau.com\/fr\/wp-json\/wp\/v2\/types\/page"}],"author":[{"embeddable":true,"href":"https:\/\/www.relais-monceau.com\/fr\/wp-json\/wp\/v2\/users\/3"}],"replies":[{"embeddable":true,"href":"https:\/\/www.relais-monceau.com\/fr\/wp-json\/wp\/v2\/comments?post=2030"}],"version-history":[{"count":16,"href":"https:\/\/www.relais-monceau.com\/fr\/wp-json\/wp\/v2\/pages\/2030\/revisions"}],"predecessor-version":[{"id":4100,"href":"https:\/\/www.relais-monceau.com\/fr\/wp-json\/wp\/v2\/pages\/2030\/revisions\/4100"}],"wp:featuredmedia":[{"embeddable":true,"href":"https:\/\/www.relais-monceau.com\/fr\/wp-json\/wp\/v2\/media\/3113"}],"wp:attachment":[{"href":"https:\/\/www.relais-monceau.com\/fr\/wp-json\/wp\/v2\/media?parent=2030"}],"curies":[{"name":"wp","href":"https:\/\/api.w.org\/{rel}","templated":true}]}}