{"id":2486,"date":"2016-12-14T16:15:34","date_gmt":"2016-12-14T15:15:34","guid":{"rendered":"http:\/\/1.dev.ydyle.fr\/?page_id=2486\/"},"modified":"2021-03-15T17:48:39","modified_gmt":"2021-03-15T16:48:39","slug":"monuments-paris","status":"publish","type":"page","link":"https:\/\/www.relais-monceau.com\/fr\/proximite\/monuments-paris\/","title":{"rendered":"Monuments Paris"},"content":{"rendered":"\t\t<div data-elementor-type=\"wp-page\" data-elementor-id=\"2486\" class=\"elementor elementor-2486\">\n\t\t\t\t\t\t<section class=\"elementor-section elementor-top-section elementor-element elementor-element-3450b72 elementor-section-boxed elementor-section-height-default elementor-section-height-default\" data-id=\"3450b72\" data-element_type=\"section\" data-e-type=\"section\">\n\t\t\t\t\t\t<div class=\"elementor-container elementor-column-gap-default\">\n\t\t\t\t\t<div class=\"elementor-column elementor-col-100 elementor-top-column elementor-element elementor-element-7c0582b\" data-id=\"7c0582b\" data-element_type=\"column\" data-e-type=\"column\">\n\t\t\t<div class=\"elementor-widget-wrap elementor-element-populated\">\n\t\t\t\t\t\t<div class=\"elementor-element elementor-element-79cb729 elementor-widget elementor-widget-heading\" data-id=\"79cb729\" data-element_type=\"widget\" data-e-type=\"widget\" data-widget_type=\"heading.default\">\n\t\t\t\t<div class=\"elementor-widget-container\">\n\t\t\t\t\t<h1 class=\"elementor-heading-title elementor-size-xl\">Lieux et monuments incontournables du 8\u00e8me arrondissement<\/h1>\t\t\t\t<\/div>\n\t\t\t\t<\/div>\n\t\t\t\t\t<\/div>\n\t\t<\/div>\n\t\t\t\t\t<\/div>\n\t\t<\/section>\n\t\t\t\t<section class=\"elementor-section elementor-top-section elementor-element elementor-element-90c1cfb elementor-section-boxed elementor-section-height-default elementor-section-height-default\" data-id=\"90c1cfb\" data-element_type=\"section\" data-e-type=\"section\">\n\t\t\t\t\t\t<div class=\"elementor-container elementor-column-gap-default\">\n\t\t\t\t\t<div class=\"elementor-column elementor-col-100 elementor-top-column elementor-element elementor-element-a597549\" data-id=\"a597549\" data-element_type=\"column\" data-e-type=\"column\">\n\t\t\t<div class=\"elementor-widget-wrap elementor-element-populated\">\n\t\t\t\t\t\t<div class=\"elementor-element elementor-element-e286347 elementor-widget elementor-widget-shortcode\" data-id=\"e286347\" data-element_type=\"widget\" data-e-type=\"widget\" data-widget_type=\"shortcode.default\">\n\t\t\t\t<div class=\"elementor-widget-container\">\n\t\t\t\t\t\t\t<div class=\"elementor-shortcode\"><form id=\"ninja_forms_form_16\" enctype=\"multipart\/form-data\" action=\"#\" data-region=\"emea\" data-channelcode=\"hotelrelaismonceaudirect\" class=\"ninja-forms-form  container-fluid row second_resa ibe\">\r\n\r\n\t<div id=\"ninja_forms_form_16_all_fields_wrap\" class=\"ninja-forms-all-fields-wrap\">\r\n\t\t<div class=\"ninja-forms-required-items\">Fields with a <span class=\"ninja-forms-req-symbol\">*<\/span> are mandatory<\/div>\r\n\t\t<div class=\"field-wrap text-wrap label-above -wrap col-4-wrap\" id=\"ninja_forms_field_35_div_wrap\" data-visible=\"1\">\r\n\t\t<label for=\"ninja_forms_field_35\" id=\"ninja_forms_field_35_label\" class=\"\">From <span class=\"ninja-forms-req-symbol\"><strong>*<\/strong><\/span>\t\t\t\t<\/label>\r\n\t\t\t<input id=\"arr2\" data-mask=\"\" data-input-limit=\"\" data-input-limit-type=\"char\" data-input-limit-msg=\"character(s) left\" name=\"check_in_date\" type=\"date\" placeholder=\"\" class=\" datepicker \" value=\"\" rel=\"35\" required min=\"2026-05-07\">\r\n\t\t\t<div id=\"ninja_forms_field_35_error\" style=\"display:none;\" class=\"ninja-forms-field-error\">\r\n\t\t\t<\/div>\r\n\t\t<\/div>\r\n\t\t<div class=\"field-wrap text-wrap label-above -wrap col-4-wrap\" id=\"ninja_forms_field_36_div_wrap\" data-visible=\"1\">\r\n\t\t\t<label for=\"ninja_forms_field_36\" id=\"ninja_forms_field_36_label\" class=\"\">Number of night(s)<span class=\"ninja-forms-req-symbol\"><strong>*<\/strong><\/span>\t\t\t\t<\/label>\r\n\t\t\t<input id=\"dep2\" data-mask=\"\" data-input-limit=\"\" data-input-limit-type=\"char\" data-input-limit-msg=\"character(s) left\" name=\"number_nights\" type=\"number\" placeholder=\"\"  value=\"\" rel=\"36\"  required min=\"1\" value=\"1\">\r\n\t\t\t<div id=\"ninja_forms_field_36_error\" style=\"display:none;\" class=\"ninja-forms-field-error\">\r\n\t\t\t<\/div>\r\n\t\t<\/div>\r\n \t\t<div class=\"field-wrap list-dropdown-wrap label-above -wrap col-4-wrap\" id=\"ninja_forms_field_37_div_wrap\" data-visible=\"1\">\r\n\t\t\t<label for=\"ninja_forms_field_37\" id=\"ninja_forms_field_37_label\" class=\"\">\r\n\t\t\tPerson(s) <span class=\"ninja-forms-req-symbol\"><strong>*<\/strong><\/span>\t\t\t\t<\/label>\r\n\t\t\t<select name=\"adu\" id=\"ninja_forms_field_37\" class=\"ninja-forms-field  ninja-forms-req  col-4\" rel=\"37\">\r\n\t\t\t<option value=\"1\" selected=\"\" style=\"\">1 Person<\/option>\r\n\t\t\t\t<option value=\"2\" style=\"\">2 Persons<\/option>\r\n\t\t\t<\/select>\r\n\t\t\t<\/select>\r\n\t\t\t<div id=\"ninja_forms_field_37_error\" style=\"display:none;\" class=\"ninja-forms-field-error\">\r\n\t\t\t<\/div>\r\n\t\t<\/div>\r\n\t\t\r\n\t\t\t\t\t\t<div class=\"field-wrap list-dropdown-wrap label-above -wrap col-2-wrap\" id=\"ninja_forms_field_39_div_wrap\" data-visible=\"1\">\r\n\t\t<label for=\"ninja_forms_field_39\" id=\"ninja_forms_field_39_label\" class=\"\">\r\n\t\tChild(s)\t\t\t\t<\/label>\r\n\t\t\t\t\t<input max=\"3\" min=\"0\" name=\"number_children\" type=\"number\" value=\"0\" class=\"col-2\"\/>\r\n\t\t<div id=\"ninja_forms_field_39_error\" style=\"display:none;\" class=\"ninja-forms-field-error\">\r\n\t\t<\/div>\r\n\t<\/div>\r\n\t<div class=\"submit_container field-wrap submit-wrap label-above -wrap col-2-wrap\" id=\"ninja_forms_field_42_div_wrap\" data-visible=\"1\">\r\n\t\t<div id=\"nf_submit_16\">\r\n\t\t\t<input type=\"submit\" name=\"_ninja_forms_field_42\" class=\"ninja-forms-field   col-2\" id=\"ninja_forms_field_42\" value=\"Find a room\" rel=\"42\">\r\n\t\t<\/div>\r\n\t\t<div id=\"nf_processing_16\" style=\"display:none;\">\r\n\t\t\t<input type=\"submit\" name=\"_ninja_forms_field_42\" class=\"ninja-forms-field   col-2\" id=\"ninja_forms_field_42\" value=\"En traitement\" rel=\"42\" disabled=\"\">\r\n\t\t<\/div>\r\n\t\t<div id=\"ninja_forms_field_42_error\" style=\"display:none;\" class=\"ninja-forms-field-error\">\r\n\t\t<\/div>\r\n\t<\/div>\r\n\t<div class=\"clearfix\"><\/div>\t<\/div>\r\n<\/form>\r\n<script>\r\njQuery( document ).ready( function () {\r\n\r\n                var d = new Date();\r\n                var res = d.toISOString().split(\"T\");                                                                                                                                             jQuery('#arr2').val(res[0]);\r\n\r\n                jQuery('#arr2').change(function() {\r\n                        var date = new Date(jQuery('#arr2').val());\r\n                        date.setDate(date.getDate() + 1);\r\n                        var res = date.toISOString().split(\"T\");\r\n                        jQuery('#dep2').val(res[0]);\r\n                });\r\n\r\n});\r\n<\/script>\r\n<\/div>\n\t\t\t\t\t\t<\/div>\n\t\t\t\t<\/div>\n\t\t\t\t\t<\/div>\n\t\t<\/div>\n\t\t\t\t\t<\/div>\n\t\t<\/section>\n\t\t\t\t<section class=\"elementor-section elementor-top-section elementor-element elementor-element-702d57d9 elementor-section-boxed elementor-section-height-default elementor-section-height-default\" data-id=\"702d57d9\" data-element_type=\"section\" data-e-type=\"section\">\n\t\t\t\t\t\t<div class=\"elementor-container elementor-column-gap-default\">\n\t\t\t\t\t<div class=\"elementor-column elementor-col-100 elementor-top-column elementor-element elementor-element-1add551b\" data-id=\"1add551b\" data-element_type=\"column\" data-e-type=\"column\">\n\t\t\t<div class=\"elementor-widget-wrap elementor-element-populated\">\n\t\t\t\t\t\t<div class=\"elementor-element elementor-element-51366822 elementor-widget elementor-widget-text-editor\" data-id=\"51366822\" data-element_type=\"widget\" data-e-type=\"widget\" data-widget_type=\"text-editor.default\">\n\t\t\t\t<div class=\"elementor-widget-container\">\n\t\t\t\t\t\t\t\t\t<div class=\"chambres\"><p class=\"main_content\" style=\"text-align: center;\">Gr\u00e2ce \u00e0 sa situation dans le VIII\u00e8me arrondissement en plein c\u0153ur de Paris, en s\u00e9journant \u00e0 l\u2019h\u00f4tel Relais Monceau, vous pourrez acc\u00e9der facilement et rapidement (en moins de 15 minutes) aux monuments et lieux incontournables du centre de Paris :<\/p><p class=\"main_content\" style=\"text-align: center;\">\u00a0<\/p><\/div><table class=\"tab_distance\" style=\"margin: auto;\" align=\"center\"><tbody><tr><th colspan=\"3\" width=\"630px\">Les monuments incontournables d&rsquo;un premier week-end \u00e0 Paris<\/th><\/tr><tr><td>Champs Elysees<\/td><td><img decoding=\"async\" src=\"\/wp-content\/themes\/conti\/img\/icone-pieton.png\" alt=\"Champs Elysees\" \/><\/td><td>20 min<\/td><\/tr><tr><td>Arc de Triomphe<\/td><td><img decoding=\"async\" src=\"\/wp-content\/themes\/conti\/img\/icone-pieton.png\" alt=\"Arc de Triomphe\" \/><\/td><td>25 min<\/td><\/tr><tr><td>Musee du Louvre<\/td><td><img decoding=\"async\" src=\"\/wp-content\/themes\/conti\/img\/icone-pieton.png\" alt=\"Musee du Louvre\" \/><\/td><td>30 min<\/td><\/tr><tr><td>Concorde<\/td><td><img decoding=\"async\" src=\"\/wp-content\/themes\/conti\/img\/icone-pieton.png\" alt=\"Concorde\" \/><\/td><td>25 min<\/td><\/tr><tr><td>La Tour Eiffel<\/td><td><img decoding=\"async\" src=\"\/wp-content\/themes\/conti\/img\/icone-pieton.png\" alt=\"Tour Eiffel\" \/><\/td><td>45 min<\/td><\/tr><tr><td>Notre Dame<\/td><td><img decoding=\"async\" src=\"\/wp-content\/themes\/conti\/img\/icone-pieton.png\" alt=\"Notre Dame\" \/><\/td><td>50 min<\/td><\/tr><tr><td>Sacre Coeur<\/td><td><img decoding=\"async\" src=\"\/wp-content\/themes\/conti\/img\/icone-pieton.png\" alt=\"Sacre Coeur\" \/><\/td><td>35 min<\/td><\/tr><tr><th colspan=\"3\">Et pour aller un peu plus loin &#8230;<\/th><\/tr><tr><td>Eglise Saint Augustin<\/td><td><img decoding=\"async\" src=\"\/wp-content\/themes\/conti\/img\/icone-pieton.png\" alt=\"Eglise Saint Augustin\" \/><\/td><td>5 min<\/td><\/tr><tr><td>Opera Garnier<\/td><td><img decoding=\"async\" src=\"\/wp-content\/themes\/conti\/img\/icone-pieton.png\" alt=\"Opera Garnier\" \/><\/td><td>15 min<\/td><\/tr><tr><td>Eglise de la Madeleine<\/td><td><img decoding=\"async\" src=\"\/wp-content\/themes\/conti\/img\/icone-pieton.png\" alt=\"Eglise de la Madeleine\" \/><\/td><td>17 min<\/td><\/tr><tr><td>Petits Palais et Grands Palais<\/td><td><img decoding=\"async\" src=\"\/wp-content\/themes\/conti\/img\/icone-pieton.png\" alt=\"Petits Palais et Grands Palais\" \/><\/td><td>25 min<\/td><\/tr><tr><td>Musee du quai d&rsquo;Orsay<\/td><td><img decoding=\"async\" src=\"\/wp-content\/themes\/conti\/img\/icone-pieton.png\" alt=\"Musee du quai d'Orsay\" \/><\/td><td>35 min<\/td><\/tr><tr><td>Les Invalides<\/td><td><img decoding=\"async\" src=\"\/wp-content\/themes\/conti\/img\/icone-pieton.png\" alt=\"Invalides\" \/><\/td><td>35 min<\/td><\/tr><tr><td>Jardins des Tuileries<\/td><td><img decoding=\"async\" src=\"\/wp-content\/themes\/conti\/img\/icone-pieton.png\" alt=\"Jardins des Tuileries\" \/><\/td><td>25 min<\/td><\/tr><tr><td>Musee du quai Branly<\/td><td><img decoding=\"async\" src=\"\/wp-content\/themes\/conti\/img\/icone-pieton.png\" alt=\"Musee du quai Branly\" \/><\/td><td>50 min<\/td><\/tr><tr><th colspan=\"3\">Pour d\u00e9couvrir Paris autrement<\/th><\/tr><tr><td>Parc Monceau<\/td><td><img decoding=\"async\" src=\"\/wp-content\/themes\/conti\/img\/icone-pieton.png\" alt=\"Parc Monceau\" \/><\/td><td>5 min<\/td><\/tr><tr><td>Musee Nissim de Camondo<\/td><td><img decoding=\"async\" src=\"\/wp-content\/themes\/conti\/img\/icone-pieton.png\" alt=\"Musee Nissim de Camondo\" \/><\/td><td>6 min<\/td><\/tr><tr><td>Musee Jacquemart Andre<\/td><td><img decoding=\"async\" src=\"\/wp-content\/themes\/conti\/img\/icone-pieton.png\" alt=\"Musee Jacquemart Andre\" \/><\/td><td>6 min<\/td><\/tr><tr><td>Musee Cernuschi<\/td><td><img decoding=\"async\" src=\"\/wp-content\/themes\/conti\/img\/icone-pieton.png\" alt=\"Musee Cernuschi\" \/><\/td><td>17 min<\/td><\/tr><tr><td>Musee de la Vie Romantique<\/td><td><img decoding=\"async\" src=\"\/wp-content\/themes\/conti\/img\/icone-pieton.png\" alt=\"Musee de la Vie Romantique\" \/><\/td><td>17 min<\/td><\/tr><tr><td>Les Arts Decoratifs<\/td><td><img decoding=\"async\" src=\"\/wp-content\/themes\/conti\/img\/icone-pieton.png\" alt=\"Les Arts Decoratifs\" \/><\/td><td>30 min<\/td><\/tr><tr><td>Musee Guimet<\/td><td><img decoding=\"async\" src=\"\/wp-content\/themes\/conti\/img\/icone-pieton.png\" alt=\"Musee Guimet\" \/><\/td><td>37 min<\/td><\/tr><\/tbody><\/table>\t\t\t\t\t\t\t\t<\/div>\n\t\t\t\t<\/div>\n\t\t\t\t\t<\/div>\n\t\t<\/div>\n\t\t\t\t\t<\/div>\n\t\t<\/section>\n\t\t\t\t<section class=\"elementor-section elementor-top-section elementor-element elementor-element-0c586a2 elementor-section-boxed elementor-section-height-default elementor-section-height-default\" data-id=\"0c586a2\" data-element_type=\"section\" data-e-type=\"section\">\n\t\t\t\t\t\t<div class=\"elementor-container elementor-column-gap-default\">\n\t\t\t\t\t<div class=\"elementor-column elementor-col-100 elementor-top-column elementor-element elementor-element-98178a6\" data-id=\"98178a6\" data-element_type=\"column\" data-e-type=\"column\">\n\t\t\t<div class=\"elementor-widget-wrap elementor-element-populated\">\n\t\t\t\t\t\t<div class=\"elementor-element elementor-element-76cdbbc elementor-widget elementor-widget-text-editor\" data-id=\"76cdbbc\" data-element_type=\"widget\" data-e-type=\"widget\" data-widget_type=\"text-editor.default\">\n\t\t\t\t<div class=\"elementor-widget-container\">\n\t\t\t\t\t\t\t\t\t<p>De l\u2019H\u00f4tel Relais Monceau, en allant vers l\u2019ouest du 8\u00e8me arrondissement, vous trouverez l\u2019Eglise Orthodoxe de Paris et ses coupoles dor\u00e9es, consacr\u00e9e en 1861 par Saint-Alexandre-Nevsky, premier lieu de culte permanent pour la communaut\u00e9 russe orthodoxe en France.<\/p><p>Vers le Sud, l\u2019Eglise Saint Augustin et son d\u00f4me m\u00e9tallique construite entre 1860 et 1871 et plus \u00e0 l\u2019est la Madeleine de style N\u00e9oclassique dont la premi\u00e8re pierre a \u00e9t\u00e9 pos\u00e9e par Louis xv et qui a \u00e9t\u00e9 consacr\u00e9e en 1845 apr\u00e8s avoir failli devenir successivement un temple en l\u2019honneur des soldats de la \u00ab Grande Arm\u00e9e \u00bb puis la 1\u00e8re Gare ferroviaire de Paris !<\/p><p>Le Lyc\u00e9e Condorcet, ancien monast\u00e8re (r\u00e9alis\u00e9 par le c\u00e9l\u00e8bre Brongniart) transform\u00e9 en Lyc\u00e9e en 1803 par Napol\u00e9on 1er est un beau b\u00e2timent qui a vu passer par ses portes de nombreux \u00e9l\u00e8ves illustres dans des domaines tr\u00e8s diff\u00e9rents comme Proust, Cocteau, Toulouse Lautrec, Andr\u00e9 Citro\u00ebn, Nadar et bien d\u2019autres.<\/p>\t\t\t\t\t\t\t\t<\/div>\n\t\t\t\t<\/div>\n\t\t\t\t\t<\/div>\n\t\t<\/div>\n\t\t\t\t\t<\/div>\n\t\t<\/section>\n\t\t\t\t<\/div>\n\t\t","protected":false},"excerpt":{"rendered":"<p>Lieux et monuments incontournables du 8\u00e8me arrondissement Gr\u00e2ce \u00e0 sa situation dans le VIII\u00e8me arrondissement en plein c\u0153ur de Paris, [&hellip;]<\/p>\n","protected":false},"author":3,"featured_media":3113,"parent":1640,"menu_order":0,"comment_status":"closed","ping_status":"closed","template":"","meta":{"footnotes":""},"class_list":["post-2486","page","type-page","status-publish","has-post-thumbnail","hentry"],"_links":{"self":[{"href":"https:\/\/www.relais-monceau.com\/fr\/wp-json\/wp\/v2\/pages\/2486","targetHints":{"allow":["GET"]}}],"collection":[{"href":"https:\/\/www.relais-monceau.com\/fr\/wp-json\/wp\/v2\/pages"}],"about":[{"href":"https:\/\/www.relais-monceau.com\/fr\/wp-json\/wp\/v2\/types\/page"}],"author":[{"embeddable":true,"href":"https:\/\/www.relais-monceau.com\/fr\/wp-json\/wp\/v2\/users\/3"}],"replies":[{"embeddable":true,"href":"https:\/\/www.relais-monceau.com\/fr\/wp-json\/wp\/v2\/comments?post=2486"}],"version-history":[{"count":17,"href":"https:\/\/www.relais-monceau.com\/fr\/wp-json\/wp\/v2\/pages\/2486\/revisions"}],"predecessor-version":[{"id":4049,"href":"https:\/\/www.relais-monceau.com\/fr\/wp-json\/wp\/v2\/pages\/2486\/revisions\/4049"}],"up":[{"embeddable":true,"href":"https:\/\/www.relais-monceau.com\/fr\/wp-json\/wp\/v2\/pages\/1640"}],"wp:featuredmedia":[{"embeddable":true,"href":"https:\/\/www.relais-monceau.com\/fr\/wp-json\/wp\/v2\/media\/3113"}],"wp:attachment":[{"href":"https:\/\/www.relais-monceau.com\/fr\/wp-json\/wp\/v2\/media?parent=2486"}],"curies":[{"name":"wp","href":"https:\/\/api.w.org\/{rel}","templated":true}]}}