{"id":2521,"date":"2016-12-15T19:21:07","date_gmt":"2016-12-15T18:21:07","guid":{"rendered":"http:\/\/1.dev.ydyle.fr\/?page_id=2521\/"},"modified":"2021-03-15T17:50:24","modified_gmt":"2021-03-15T16:50:24","slug":"shopping","status":"publish","type":"page","link":"https:\/\/www.relais-monceau.com\/fr\/proximite\/shopping\/","title":{"rendered":"Shopping"},"content":{"rendered":"\t\t<div data-elementor-type=\"wp-page\" data-elementor-id=\"2521\" class=\"elementor elementor-2521\">\n\t\t\t\t\t\t<section class=\"elementor-section elementor-top-section elementor-element elementor-element-b17efad elementor-section-boxed elementor-section-height-default elementor-section-height-default\" data-id=\"b17efad\" data-element_type=\"section\" data-e-type=\"section\">\n\t\t\t\t\t\t<div class=\"elementor-container elementor-column-gap-default\">\n\t\t\t\t\t<div class=\"elementor-column elementor-col-100 elementor-top-column elementor-element elementor-element-aaf9a67\" data-id=\"aaf9a67\" data-element_type=\"column\" data-e-type=\"column\">\n\t\t\t<div class=\"elementor-widget-wrap elementor-element-populated\">\n\t\t\t\t\t\t<div class=\"elementor-element elementor-element-976bab7 elementor-widget elementor-widget-heading\" data-id=\"976bab7\" data-element_type=\"widget\" data-e-type=\"widget\" data-widget_type=\"heading.default\">\n\t\t\t\t<div class=\"elementor-widget-container\">\n\t\t\t\t\t<h1 class=\"elementor-heading-title elementor-size-xl\">Les sorties shopping du quartier du Relais Monceau\n<\/h1>\t\t\t\t<\/div>\n\t\t\t\t<\/div>\n\t\t\t\t\t<\/div>\n\t\t<\/div>\n\t\t\t\t\t<\/div>\n\t\t<\/section>\n\t\t\t\t<section class=\"elementor-section elementor-top-section elementor-element elementor-element-c8c881a elementor-section-boxed elementor-section-height-default elementor-section-height-default\" data-id=\"c8c881a\" data-element_type=\"section\" data-e-type=\"section\">\n\t\t\t\t\t\t<div class=\"elementor-container elementor-column-gap-default\">\n\t\t\t\t\t<div class=\"elementor-column elementor-col-100 elementor-top-column elementor-element elementor-element-999083f\" data-id=\"999083f\" data-element_type=\"column\" data-e-type=\"column\">\n\t\t\t<div class=\"elementor-widget-wrap elementor-element-populated\">\n\t\t\t\t\t\t<div class=\"elementor-element elementor-element-07b41c7 elementor-widget elementor-widget-shortcode\" data-id=\"07b41c7\" data-element_type=\"widget\" data-e-type=\"widget\" data-widget_type=\"shortcode.default\">\n\t\t\t\t<div class=\"elementor-widget-container\">\n\t\t\t\t\t\t\t<div class=\"elementor-shortcode\"><form id=\"ninja_forms_form_16\" enctype=\"multipart\/form-data\" action=\"#\" data-region=\"emea\" data-channelcode=\"hotelrelaismonceaudirect\" class=\"ninja-forms-form  container-fluid row second_resa ibe\">\r\n\r\n\t<div id=\"ninja_forms_form_16_all_fields_wrap\" class=\"ninja-forms-all-fields-wrap\">\r\n\t\t<div class=\"ninja-forms-required-items\">Fields with a <span class=\"ninja-forms-req-symbol\">*<\/span> are mandatory<\/div>\r\n\t\t<div class=\"field-wrap text-wrap label-above -wrap col-4-wrap\" id=\"ninja_forms_field_35_div_wrap\" data-visible=\"1\">\r\n\t\t<label for=\"ninja_forms_field_35\" id=\"ninja_forms_field_35_label\" class=\"\">From <span class=\"ninja-forms-req-symbol\"><strong>*<\/strong><\/span>\t\t\t\t<\/label>\r\n\t\t\t<input id=\"arr2\" data-mask=\"\" data-input-limit=\"\" data-input-limit-type=\"char\" data-input-limit-msg=\"character(s) left\" name=\"check_in_date\" type=\"date\" placeholder=\"\" class=\" datepicker \" value=\"\" rel=\"35\" required min=\"2026-05-06\">\r\n\t\t\t<div id=\"ninja_forms_field_35_error\" style=\"display:none;\" class=\"ninja-forms-field-error\">\r\n\t\t\t<\/div>\r\n\t\t<\/div>\r\n\t\t<div class=\"field-wrap text-wrap label-above -wrap col-4-wrap\" id=\"ninja_forms_field_36_div_wrap\" data-visible=\"1\">\r\n\t\t\t<label for=\"ninja_forms_field_36\" id=\"ninja_forms_field_36_label\" class=\"\">Number of night(s)<span class=\"ninja-forms-req-symbol\"><strong>*<\/strong><\/span>\t\t\t\t<\/label>\r\n\t\t\t<input id=\"dep2\" data-mask=\"\" data-input-limit=\"\" data-input-limit-type=\"char\" data-input-limit-msg=\"character(s) left\" name=\"number_nights\" type=\"number\" placeholder=\"\"  value=\"\" rel=\"36\"  required min=\"1\" value=\"1\">\r\n\t\t\t<div id=\"ninja_forms_field_36_error\" style=\"display:none;\" class=\"ninja-forms-field-error\">\r\n\t\t\t<\/div>\r\n\t\t<\/div>\r\n \t\t<div class=\"field-wrap list-dropdown-wrap label-above -wrap col-4-wrap\" id=\"ninja_forms_field_37_div_wrap\" data-visible=\"1\">\r\n\t\t\t<label for=\"ninja_forms_field_37\" id=\"ninja_forms_field_37_label\" class=\"\">\r\n\t\t\tPerson(s) <span class=\"ninja-forms-req-symbol\"><strong>*<\/strong><\/span>\t\t\t\t<\/label>\r\n\t\t\t<select name=\"adu\" id=\"ninja_forms_field_37\" class=\"ninja-forms-field  ninja-forms-req  col-4\" rel=\"37\">\r\n\t\t\t<option value=\"1\" selected=\"\" style=\"\">1 Person<\/option>\r\n\t\t\t\t<option value=\"2\" style=\"\">2 Persons<\/option>\r\n\t\t\t<\/select>\r\n\t\t\t<\/select>\r\n\t\t\t<div id=\"ninja_forms_field_37_error\" style=\"display:none;\" class=\"ninja-forms-field-error\">\r\n\t\t\t<\/div>\r\n\t\t<\/div>\r\n\t\t\r\n\t\t\t\t\t\t<div class=\"field-wrap list-dropdown-wrap label-above -wrap col-2-wrap\" id=\"ninja_forms_field_39_div_wrap\" data-visible=\"1\">\r\n\t\t<label for=\"ninja_forms_field_39\" id=\"ninja_forms_field_39_label\" class=\"\">\r\n\t\tChild(s)\t\t\t\t<\/label>\r\n\t\t\t\t\t<input max=\"3\" min=\"0\" name=\"number_children\" type=\"number\" value=\"0\" class=\"col-2\"\/>\r\n\t\t<div id=\"ninja_forms_field_39_error\" style=\"display:none;\" class=\"ninja-forms-field-error\">\r\n\t\t<\/div>\r\n\t<\/div>\r\n\t<div class=\"submit_container field-wrap submit-wrap label-above -wrap col-2-wrap\" id=\"ninja_forms_field_42_div_wrap\" data-visible=\"1\">\r\n\t\t<div id=\"nf_submit_16\">\r\n\t\t\t<input type=\"submit\" name=\"_ninja_forms_field_42\" class=\"ninja-forms-field   col-2\" id=\"ninja_forms_field_42\" value=\"Find a room\" rel=\"42\">\r\n\t\t<\/div>\r\n\t\t<div id=\"nf_processing_16\" style=\"display:none;\">\r\n\t\t\t<input type=\"submit\" name=\"_ninja_forms_field_42\" class=\"ninja-forms-field   col-2\" id=\"ninja_forms_field_42\" value=\"En traitement\" rel=\"42\" disabled=\"\">\r\n\t\t<\/div>\r\n\t\t<div id=\"ninja_forms_field_42_error\" style=\"display:none;\" class=\"ninja-forms-field-error\">\r\n\t\t<\/div>\r\n\t<\/div>\r\n\t<div class=\"clearfix\"><\/div>\t<\/div>\r\n<\/form>\r\n<script>\r\njQuery( document ).ready( function () {\r\n\r\n                var d = new Date();\r\n                var res = d.toISOString().split(\"T\");                                                                                                                                             jQuery('#arr2').val(res[0]);\r\n\r\n                jQuery('#arr2').change(function() {\r\n                        var date = new Date(jQuery('#arr2').val());\r\n                        date.setDate(date.getDate() + 1);\r\n                        var res = date.toISOString().split(\"T\");\r\n                        jQuery('#dep2').val(res[0]);\r\n                });\r\n\r\n});\r\n<\/script>\r\n<\/div>\n\t\t\t\t\t\t<\/div>\n\t\t\t\t<\/div>\n\t\t\t\t\t<\/div>\n\t\t<\/div>\n\t\t\t\t\t<\/div>\n\t\t<\/section>\n\t\t\t\t<section class=\"elementor-section elementor-top-section elementor-element elementor-element-860c89a elementor-section-boxed elementor-section-height-default elementor-section-height-default\" data-id=\"860c89a\" data-element_type=\"section\" data-e-type=\"section\">\n\t\t\t\t\t\t<div class=\"elementor-container elementor-column-gap-default\">\n\t\t\t\t\t<div class=\"elementor-column elementor-col-100 elementor-top-column elementor-element elementor-element-a80d4f6\" data-id=\"a80d4f6\" data-element_type=\"column\" data-e-type=\"column\">\n\t\t\t<div class=\"elementor-widget-wrap elementor-element-populated\">\n\t\t\t\t\t\t<div class=\"elementor-element elementor-element-fca53ad elementor-widget elementor-widget-heading\" data-id=\"fca53ad\" data-element_type=\"widget\" data-e-type=\"widget\" data-widget_type=\"heading.default\">\n\t\t\t\t<div class=\"elementor-widget-container\">\n\t\t\t\t\t<h2 class=\"elementor-heading-title elementor-size-large\">Shopping \u00e0 Paris 8<\/h2>\t\t\t\t<\/div>\n\t\t\t\t<\/div>\n\t\t\t\t\t<\/div>\n\t\t<\/div>\n\t\t\t\t\t<\/div>\n\t\t<\/section>\n\t\t\t\t<section class=\"elementor-section elementor-top-section elementor-element elementor-element-7dc3816d elementor-section-boxed elementor-section-height-default elementor-section-height-default\" data-id=\"7dc3816d\" data-element_type=\"section\" data-e-type=\"section\">\n\t\t\t\t\t\t<div class=\"elementor-container elementor-column-gap-default\">\n\t\t\t\t\t<div class=\"elementor-column elementor-col-100 elementor-top-column elementor-element elementor-element-af81d1b\" data-id=\"af81d1b\" data-element_type=\"column\" data-e-type=\"column\">\n\t\t\t<div class=\"elementor-widget-wrap elementor-element-populated\">\n\t\t\t\t\t\t<div class=\"elementor-element elementor-element-6fcee3cf elementor-widget elementor-widget-text-editor\" data-id=\"6fcee3cf\" data-element_type=\"widget\" data-e-type=\"widget\" data-widget_type=\"text-editor.default\">\n\t\t\t\t<div class=\"elementor-widget-container\">\n\t\t\t\t\t\t\t\t\t<div class=\"chambres\"><p class=\"main_content\" style=\"text-align: center;\">A deux pas de l\u2019h\u00f4tel Relais Monceau vous pouvez vous laisser tenter par une promenade \u00e0 travers les \u00e9tales d\u2019un des plus fameux march\u00e9s en plein c\u0153ur de Paris, celui de la rue de Levis. Imm\u00e9diatement en sortant de l\u2019h\u00f4tel vous pourrez \u00e9galement vous laisser tenter par les merveilleux chocolats et macarons \u00e0 la Petite Rose ou chez Le N\u00f4tre.<\/p>\n<p class=\"main_content\" style=\"text-align: center;\">Dans ce quartier en plein c\u0153ur de Paris, vous pourrez \u00e9galement trouver l\u2019un des fromagers les plus r\u00e9put\u00e9 de Paris : Androuet.<\/p>\n<p class=\"main_content\" style=\"text-align: center;\">Bien s\u00fbr il y a aussi les Grands Magasins, &nbsp;le Printemps et les Galeries Lafayette situ\u00e9s \u00e0 moins de 15 min \u00e0 pied de l\u2019h\u00f4tel mais aussi, le quartier Op\u00e9ra-Madeleine, l\u2019un des plus attractif de Paris pour le shopping\u2026 et pourquoi pas passer par les rues bord\u00e9es de tentations jusqu\u2019aux boutiques du Faubourg Saint Honor\u00e9 ou m\u00eame des Champs Elys\u00e9es.<\/p>\n<p class=\"main_content\" style=\"text-align: center;\">Dans l\u2019environnement imm\u00e9diat de l\u2019h\u00f4tel Relais Monceau, vous avez un des meilleurs restaurants de Poisson de Paris : La Luna\u2026 mais \u00e9galement une multitude de Brasseries qui caract\u00e9risent la restauration \u00e0 Paris, et toutes sortes de petits \u00e9tablissements chaleureux et de qualit\u00e9 : vous \u00eates \u00e0 Paris !<\/p><\/div>\t\t\t\t\t\t\t\t<\/div>\n\t\t\t\t<\/div>\n\t\t\t\t\t<\/div>\n\t\t<\/div>\n\t\t\t\t\t<\/div>\n\t\t<\/section>\n\t\t\t\t<\/div>\n\t\t","protected":false},"excerpt":{"rendered":"<p>Les sorties shopping du quartier du Relais Monceau Shopping \u00e0 Paris 8 A deux pas de l\u2019h\u00f4tel Relais Monceau vous [&hellip;]<\/p>\n","protected":false},"author":3,"featured_media":3113,"parent":1640,"menu_order":0,"comment_status":"closed","ping_status":"closed","template":"page-templates\/page-fullwidth.php","meta":{"footnotes":""},"class_list":["post-2521","page","type-page","status-publish","has-post-thumbnail","hentry"],"_links":{"self":[{"href":"https:\/\/www.relais-monceau.com\/fr\/wp-json\/wp\/v2\/pages\/2521","targetHints":{"allow":["GET"]}}],"collection":[{"href":"https:\/\/www.relais-monceau.com\/fr\/wp-json\/wp\/v2\/pages"}],"about":[{"href":"https:\/\/www.relais-monceau.com\/fr\/wp-json\/wp\/v2\/types\/page"}],"author":[{"embeddable":true,"href":"https:\/\/www.relais-monceau.com\/fr\/wp-json\/wp\/v2\/users\/3"}],"replies":[{"embeddable":true,"href":"https:\/\/www.relais-monceau.com\/fr\/wp-json\/wp\/v2\/comments?post=2521"}],"version-history":[{"count":10,"href":"https:\/\/www.relais-monceau.com\/fr\/wp-json\/wp\/v2\/pages\/2521\/revisions"}],"predecessor-version":[{"id":4052,"href":"https:\/\/www.relais-monceau.com\/fr\/wp-json\/wp\/v2\/pages\/2521\/revisions\/4052"}],"up":[{"embeddable":true,"href":"https:\/\/www.relais-monceau.com\/fr\/wp-json\/wp\/v2\/pages\/1640"}],"wp:featuredmedia":[{"embeddable":true,"href":"https:\/\/www.relais-monceau.com\/fr\/wp-json\/wp\/v2\/media\/3113"}],"wp:attachment":[{"href":"https:\/\/www.relais-monceau.com\/fr\/wp-json\/wp\/v2\/media?parent=2521"}],"curies":[{"name":"wp","href":"https:\/\/api.w.org\/{rel}","templated":true}]}}