{"id":3069,"date":"2017-01-31T19:06:35","date_gmt":"2017-01-31T18:06:35","guid":{"rendered":"http:\/\/www.preprod.relais-monceau.com\/?page_id=3069\/"},"modified":"2021-03-15T17:52:10","modified_gmt":"2021-03-15T16:52:10","slug":"theatre","status":"publish","type":"page","link":"https:\/\/www.relais-monceau.com\/fr\/proximite\/theatre\/","title":{"rendered":"Th\u00e9\u00e2tre"},"content":{"rendered":"\t\t<div data-elementor-type=\"wp-page\" data-elementor-id=\"3069\" class=\"elementor elementor-3069\">\n\t\t\t\t\t\t<section class=\"elementor-section elementor-top-section elementor-element elementor-element-9563593 elementor-section-boxed elementor-section-height-default elementor-section-height-default\" data-id=\"9563593\" data-element_type=\"section\" data-e-type=\"section\">\n\t\t\t\t\t\t<div class=\"elementor-container elementor-column-gap-default\">\n\t\t\t\t\t<div class=\"elementor-column elementor-col-100 elementor-top-column elementor-element elementor-element-9d7af73\" data-id=\"9d7af73\" data-element_type=\"column\" data-e-type=\"column\">\n\t\t\t<div class=\"elementor-widget-wrap elementor-element-populated\">\n\t\t\t\t\t\t<div class=\"elementor-element elementor-element-24528e2 elementor-widget elementor-widget-heading\" data-id=\"24528e2\" data-element_type=\"widget\" data-e-type=\"widget\" data-widget_type=\"heading.default\">\n\t\t\t\t<div class=\"elementor-widget-container\">\n\t\t\t\t\t<h1 class=\"elementor-heading-title elementor-size-xl\">Les sorties th\u00e9\u00e2tre proche du Relais Monceau\n<\/h1>\t\t\t\t<\/div>\n\t\t\t\t<\/div>\n\t\t\t\t\t<\/div>\n\t\t<\/div>\n\t\t\t\t\t<\/div>\n\t\t<\/section>\n\t\t\t\t<section class=\"elementor-section elementor-top-section elementor-element elementor-element-b15d5f7 elementor-section-boxed elementor-section-height-default elementor-section-height-default\" data-id=\"b15d5f7\" data-element_type=\"section\" data-e-type=\"section\">\n\t\t\t\t\t\t<div class=\"elementor-container elementor-column-gap-default\">\n\t\t\t\t\t<div class=\"elementor-column elementor-col-100 elementor-top-column elementor-element elementor-element-5c2098e\" data-id=\"5c2098e\" data-element_type=\"column\" data-e-type=\"column\">\n\t\t\t<div class=\"elementor-widget-wrap elementor-element-populated\">\n\t\t\t\t\t\t<div class=\"elementor-element elementor-element-7d163b1 elementor-widget elementor-widget-shortcode\" data-id=\"7d163b1\" data-element_type=\"widget\" data-e-type=\"widget\" data-widget_type=\"shortcode.default\">\n\t\t\t\t<div class=\"elementor-widget-container\">\n\t\t\t\t\t\t\t<div class=\"elementor-shortcode\"><form id=\"ninja_forms_form_16\" enctype=\"multipart\/form-data\" action=\"#\" data-region=\"emea\" data-channelcode=\"hotelrelaismonceaudirect\" class=\"ninja-forms-form  container-fluid row second_resa ibe\">\r\n\r\n\t<div id=\"ninja_forms_form_16_all_fields_wrap\" class=\"ninja-forms-all-fields-wrap\">\r\n\t\t<div class=\"ninja-forms-required-items\">Fields with a <span class=\"ninja-forms-req-symbol\">*<\/span> are mandatory<\/div>\r\n\t\t<div class=\"field-wrap text-wrap label-above -wrap col-4-wrap\" id=\"ninja_forms_field_35_div_wrap\" data-visible=\"1\">\r\n\t\t<label for=\"ninja_forms_field_35\" id=\"ninja_forms_field_35_label\" class=\"\">From <span class=\"ninja-forms-req-symbol\"><strong>*<\/strong><\/span>\t\t\t\t<\/label>\r\n\t\t\t<input id=\"arr2\" data-mask=\"\" data-input-limit=\"\" data-input-limit-type=\"char\" data-input-limit-msg=\"character(s) left\" name=\"check_in_date\" type=\"date\" placeholder=\"\" class=\" datepicker \" value=\"\" rel=\"35\" required min=\"2026-04-08\">\r\n\t\t\t<div id=\"ninja_forms_field_35_error\" style=\"display:none;\" class=\"ninja-forms-field-error\">\r\n\t\t\t<\/div>\r\n\t\t<\/div>\r\n\t\t<div class=\"field-wrap text-wrap label-above -wrap col-4-wrap\" id=\"ninja_forms_field_36_div_wrap\" data-visible=\"1\">\r\n\t\t\t<label for=\"ninja_forms_field_36\" id=\"ninja_forms_field_36_label\" class=\"\">Number of night(s)<span class=\"ninja-forms-req-symbol\"><strong>*<\/strong><\/span>\t\t\t\t<\/label>\r\n\t\t\t<input id=\"dep2\" data-mask=\"\" data-input-limit=\"\" data-input-limit-type=\"char\" data-input-limit-msg=\"character(s) left\" name=\"number_nights\" type=\"number\" placeholder=\"\"  value=\"\" rel=\"36\"  required min=\"1\" value=\"1\">\r\n\t\t\t<div id=\"ninja_forms_field_36_error\" style=\"display:none;\" class=\"ninja-forms-field-error\">\r\n\t\t\t<\/div>\r\n\t\t<\/div>\r\n \t\t<div class=\"field-wrap list-dropdown-wrap label-above -wrap col-4-wrap\" id=\"ninja_forms_field_37_div_wrap\" data-visible=\"1\">\r\n\t\t\t<label for=\"ninja_forms_field_37\" id=\"ninja_forms_field_37_label\" class=\"\">\r\n\t\t\tPerson(s) <span class=\"ninja-forms-req-symbol\"><strong>*<\/strong><\/span>\t\t\t\t<\/label>\r\n\t\t\t<select name=\"adu\" id=\"ninja_forms_field_37\" class=\"ninja-forms-field  ninja-forms-req  col-4\" rel=\"37\">\r\n\t\t\t<option value=\"1\" selected=\"\" style=\"\">1 Person<\/option>\r\n\t\t\t\t<option value=\"2\" style=\"\">2 Persons<\/option>\r\n\t\t\t<\/select>\r\n\t\t\t<\/select>\r\n\t\t\t<div id=\"ninja_forms_field_37_error\" style=\"display:none;\" class=\"ninja-forms-field-error\">\r\n\t\t\t<\/div>\r\n\t\t<\/div>\r\n\t\t\r\n\t\t\t\t\t\t<div class=\"field-wrap list-dropdown-wrap label-above -wrap col-2-wrap\" id=\"ninja_forms_field_39_div_wrap\" data-visible=\"1\">\r\n\t\t<label for=\"ninja_forms_field_39\" id=\"ninja_forms_field_39_label\" class=\"\">\r\n\t\tChild(s)\t\t\t\t<\/label>\r\n\t\t\t\t\t<input max=\"3\" min=\"0\" name=\"number_children\" type=\"number\" value=\"0\" class=\"col-2\"\/>\r\n\t\t<div id=\"ninja_forms_field_39_error\" style=\"display:none;\" class=\"ninja-forms-field-error\">\r\n\t\t<\/div>\r\n\t<\/div>\r\n\t<div class=\"submit_container field-wrap submit-wrap label-above -wrap col-2-wrap\" id=\"ninja_forms_field_42_div_wrap\" data-visible=\"1\">\r\n\t\t<div id=\"nf_submit_16\">\r\n\t\t\t<input type=\"submit\" name=\"_ninja_forms_field_42\" class=\"ninja-forms-field   col-2\" id=\"ninja_forms_field_42\" value=\"Find a room\" rel=\"42\">\r\n\t\t<\/div>\r\n\t\t<div id=\"nf_processing_16\" style=\"display:none;\">\r\n\t\t\t<input type=\"submit\" name=\"_ninja_forms_field_42\" class=\"ninja-forms-field   col-2\" id=\"ninja_forms_field_42\" value=\"En traitement\" rel=\"42\" disabled=\"\">\r\n\t\t<\/div>\r\n\t\t<div id=\"ninja_forms_field_42_error\" style=\"display:none;\" class=\"ninja-forms-field-error\">\r\n\t\t<\/div>\r\n\t<\/div>\r\n\t<div class=\"clearfix\"><\/div>\t<\/div>\r\n<\/form>\r\n<script>\r\njQuery( document ).ready( function () {\r\n\r\n                var d = new Date();\r\n                var res = d.toISOString().split(\"T\");                                                                                                                                             jQuery('#arr2').val(res[0]);\r\n\r\n                jQuery('#arr2').change(function() {\r\n                        var date = new Date(jQuery('#arr2').val());\r\n                        date.setDate(date.getDate() + 1);\r\n                        var res = date.toISOString().split(\"T\");\r\n                        jQuery('#dep2').val(res[0]);\r\n                });\r\n\r\n});\r\n<\/script>\r\n<\/div>\n\t\t\t\t\t\t<\/div>\n\t\t\t\t<\/div>\n\t\t\t\t\t<\/div>\n\t\t<\/div>\n\t\t\t\t\t<\/div>\n\t\t<\/section>\n\t\t\t\t<section class=\"elementor-section elementor-top-section elementor-element elementor-element-737f3f3 elementor-section-boxed elementor-section-height-default elementor-section-height-default\" data-id=\"737f3f3\" data-element_type=\"section\" data-e-type=\"section\">\n\t\t\t\t\t\t<div class=\"elementor-container elementor-column-gap-default\">\n\t\t\t\t\t<div class=\"elementor-column elementor-col-100 elementor-top-column elementor-element elementor-element-400824d\" data-id=\"400824d\" data-element_type=\"column\" data-e-type=\"column\">\n\t\t\t<div class=\"elementor-widget-wrap elementor-element-populated\">\n\t\t\t\t\t\t<div class=\"elementor-element elementor-element-ae9fcd3 elementor-widget elementor-widget-heading\" data-id=\"ae9fcd3\" data-element_type=\"widget\" data-e-type=\"widget\" data-widget_type=\"heading.default\">\n\t\t\t\t<div class=\"elementor-widget-container\">\n\t\t\t\t\t<h2 class=\"elementor-heading-title elementor-size-large\">Th\u00e9\u00e2tre \u00e0 proximit\u00e9 de Paris 8\n<\/h2>\t\t\t\t<\/div>\n\t\t\t\t<\/div>\n\t\t\t\t\t<\/div>\n\t\t<\/div>\n\t\t\t\t\t<\/div>\n\t\t<\/section>\n\t\t\t\t<section class=\"elementor-section elementor-top-section elementor-element elementor-element-2521fabf elementor-section-boxed elementor-section-height-default elementor-section-height-default\" data-id=\"2521fabf\" data-element_type=\"section\" data-e-type=\"section\">\n\t\t\t\t\t\t<div class=\"elementor-container elementor-column-gap-default\">\n\t\t\t\t\t<div class=\"elementor-column elementor-col-100 elementor-top-column elementor-element elementor-element-58569939\" data-id=\"58569939\" data-element_type=\"column\" data-e-type=\"column\">\n\t\t\t<div class=\"elementor-widget-wrap elementor-element-populated\">\n\t\t\t\t\t\t<div class=\"elementor-element elementor-element-66265d28 elementor-widget elementor-widget-text-editor\" data-id=\"66265d28\" data-element_type=\"widget\" data-e-type=\"widget\" data-widget_type=\"text-editor.default\">\n\t\t\t\t<div class=\"elementor-widget-container\">\n\t\t\t\t\t\t\t\t\t<div class=\"chambres\"><p class=\"main_content\" style=\"text-align: center;\">Avant ou apr\u00e8s le d\u00eener toutes sortes de salles de spectacles s\u2019offrent \u00e0 vous.<\/p>\n<p class=\"main_content\" style=\"text-align: center;\">La plus proche est incontestablement le th\u00e9\u00e2tre Tristan Bernard dans la rue du rocher, cr\u00e9\u00e9 au tout d\u00e9but du 20\u00e8me si\u00e8cle puis anim\u00e9 \u00e0 l\u2019\u00e9poque des ann\u00e9es 30 par le c\u00e9l\u00e8bre auteur dramatique \u00e9ponyme. Aux mots d\u2019esprit entre critique sociale et humour, sujets qui alimentent encore les programmes d\u2019aujourd\u2019hui comme les br\u00e8ves de comptoir de Jean Marie Gourio ou les prestations de l\u2019amuseur Dany Boon.<\/p>\n<p class=\"main_content\" style=\"text-align: center;\">Le th\u00e9\u00e2tre Hebertot est \u00e9galement \u00e0 proximit\u00e9 et propose des spectacles r\u00e9put\u00e9s, jou\u00e9s par des com\u00e9diens reconnus, par exemple la pi\u00e8ce aux deux Moli\u00e8res \u00ab ART \u00bb interpr\u00e9t\u00e9e par Pierre Vaneck et Jean Rochefort qui avaient d\u2019ailleurs \u00e0 cette occasion s\u00e9journ\u00e9s dans notre h\u00f4tel.<\/p><\/div>\t\t\t\t\t\t\t\t<\/div>\n\t\t\t\t<\/div>\n\t\t\t\t\t<\/div>\n\t\t<\/div>\n\t\t\t\t\t<\/div>\n\t\t<\/section>\n\t\t\t\t<\/div>\n\t\t","protected":false},"excerpt":{"rendered":"<p>Les sorties th\u00e9\u00e2tre proche du Relais Monceau Th\u00e9\u00e2tre \u00e0 proximit\u00e9 de Paris 8 Avant ou apr\u00e8s le d\u00eener toutes sortes [&hellip;]<\/p>\n","protected":false},"author":3,"featured_media":3113,"parent":1640,"menu_order":0,"comment_status":"closed","ping_status":"closed","template":"page-templates\/page-fullwidth.php","meta":{"footnotes":""},"class_list":["post-3069","page","type-page","status-publish","has-post-thumbnail","hentry"],"_links":{"self":[{"href":"https:\/\/www.relais-monceau.com\/fr\/wp-json\/wp\/v2\/pages\/3069","targetHints":{"allow":["GET"]}}],"collection":[{"href":"https:\/\/www.relais-monceau.com\/fr\/wp-json\/wp\/v2\/pages"}],"about":[{"href":"https:\/\/www.relais-monceau.com\/fr\/wp-json\/wp\/v2\/types\/page"}],"author":[{"embeddable":true,"href":"https:\/\/www.relais-monceau.com\/fr\/wp-json\/wp\/v2\/users\/3"}],"replies":[{"embeddable":true,"href":"https:\/\/www.relais-monceau.com\/fr\/wp-json\/wp\/v2\/comments?post=3069"}],"version-history":[{"count":5,"href":"https:\/\/www.relais-monceau.com\/fr\/wp-json\/wp\/v2\/pages\/3069\/revisions"}],"predecessor-version":[{"id":4055,"href":"https:\/\/www.relais-monceau.com\/fr\/wp-json\/wp\/v2\/pages\/3069\/revisions\/4055"}],"up":[{"embeddable":true,"href":"https:\/\/www.relais-monceau.com\/fr\/wp-json\/wp\/v2\/pages\/1640"}],"wp:featuredmedia":[{"embeddable":true,"href":"https:\/\/www.relais-monceau.com\/fr\/wp-json\/wp\/v2\/media\/3113"}],"wp:attachment":[{"href":"https:\/\/www.relais-monceau.com\/fr\/wp-json\/wp\/v2\/media?parent=3069"}],"curies":[{"name":"wp","href":"https:\/\/api.w.org\/{rel}","templated":true}]}}