{"id":3892,"date":"2021-03-02T14:44:53","date_gmt":"2021-03-02T13:44:53","guid":{"rendered":"https:\/\/www.relais-monceau.com\/?page_id=3892\/"},"modified":"2025-01-23T10:30:23","modified_gmt":"2025-01-23T09:30:23","slug":"room-directory","status":"publish","type":"page","link":"https:\/\/www.relais-monceau.com\/fr\/room-directory\/","title":{"rendered":"Room Directory &#8211; H\u00f4tel Relais Monceau"},"content":{"rendered":"\t\t<div data-elementor-type=\"wp-page\" data-elementor-id=\"3892\" class=\"elementor elementor-3892\">\n\t\t\t\t\t\t<section class=\"elementor-section elementor-top-section elementor-element elementor-element-56de485 elementor-section-boxed elementor-section-height-default elementor-section-height-default\" data-id=\"56de485\" data-element_type=\"section\" data-e-type=\"section\">\n\t\t\t\t\t\t<div class=\"elementor-container elementor-column-gap-default\">\n\t\t\t\t\t<div class=\"elementor-column elementor-col-100 elementor-top-column elementor-element elementor-element-0838706\" data-id=\"0838706\" data-element_type=\"column\" data-e-type=\"column\">\n\t\t\t<div class=\"elementor-widget-wrap elementor-element-populated\">\n\t\t\t\t\t\t<div class=\"elementor-element elementor-element-a0f5491 elementor-widget elementor-widget-heading\" data-id=\"a0f5491\" data-element_type=\"widget\" data-e-type=\"widget\" data-widget_type=\"heading.default\">\n\t\t\t\t<div class=\"elementor-widget-container\">\n\t\t\t\t\t<h1 class=\"elementor-heading-title elementor-size-xl\">ROOM DIRECTORY \u2013 HOTEL RELAIS MONCEAU<\/h1>\t\t\t\t<\/div>\n\t\t\t\t<\/div>\n\t\t\t\t\t<\/div>\n\t\t<\/div>\n\t\t\t\t\t<\/div>\n\t\t<\/section>\n\t\t\t\t<section class=\"elementor-section elementor-top-section elementor-element elementor-element-ec4394c elementor-section-boxed elementor-section-height-default elementor-section-height-default\" data-id=\"ec4394c\" data-element_type=\"section\" data-e-type=\"section\">\n\t\t\t\t\t\t<div class=\"elementor-container elementor-column-gap-default\">\n\t\t\t\t\t<div class=\"elementor-column elementor-col-100 elementor-top-column elementor-element elementor-element-1b6fb6c\" data-id=\"1b6fb6c\" data-element_type=\"column\" data-e-type=\"column\">\n\t\t\t<div class=\"elementor-widget-wrap elementor-element-populated\">\n\t\t\t\t\t\t<div class=\"elementor-element elementor-element-e96f5f2 elementor-widget elementor-widget-image\" data-id=\"e96f5f2\" data-element_type=\"widget\" data-e-type=\"widget\" data-widget_type=\"image.default\">\n\t\t\t\t<div class=\"elementor-widget-container\">\n\t\t\t\t\t\t\t\t\t\t\t\t\t\t\t<img decoding=\"async\" width=\"74\" height=\"53\" src=\"https:\/\/www.relais-monceau.com\/wp-content\/uploads\/2021\/03\/wifi.png\" class=\"attachment-large size-large wp-image-3893\" alt=\"\" \/>\t\t\t\t\t\t\t\t\t\t\t\t\t\t\t<\/div>\n\t\t\t\t<\/div>\n\t\t\t\t<div class=\"elementor-element elementor-element-73c039c elementor-widget elementor-widget-heading\" data-id=\"73c039c\" data-element_type=\"widget\" data-e-type=\"widget\" data-widget_type=\"heading.default\">\n\t\t\t\t<div class=\"elementor-widget-container\">\n\t\t\t\t\t<h2 class=\"elementor-heading-title elementor-size-default\">WIFI<\/h2>\t\t\t\t<\/div>\n\t\t\t\t<\/div>\n\t\t\t\t\t<\/div>\n\t\t<\/div>\n\t\t\t\t\t<\/div>\n\t\t<\/section>\n\t\t\t\t<section class=\"elementor-section elementor-top-section elementor-element elementor-element-0e50a1a elementor-section-boxed elementor-section-height-default elementor-section-height-default\" data-id=\"0e50a1a\" data-element_type=\"section\" data-e-type=\"section\">\n\t\t\t\t\t\t<div class=\"elementor-container elementor-column-gap-default\">\n\t\t\t\t\t<div class=\"elementor-column elementor-col-100 elementor-top-column elementor-element elementor-element-02f90d5\" data-id=\"02f90d5\" data-element_type=\"column\" data-e-type=\"column\">\n\t\t\t<div class=\"elementor-widget-wrap elementor-element-populated\">\n\t\t\t\t\t\t<div class=\"elementor-element elementor-element-d5e08ec elementor-widget elementor-widget-text-editor\" data-id=\"d5e08ec\" data-element_type=\"widget\" data-e-type=\"widget\" data-widget_type=\"text-editor.default\">\n\t\t\t\t<div class=\"elementor-widget-container\">\n\t\t\t\t\t\t\t\t\t<p><strong>(gratuit dans tout l\u2019h\u00f4tel) &#8211; R\u00e9seau: RELAIS_MONCEAU &#8211; Mot de passe: 85Rocher<\/strong><\/p>\t\t\t\t\t\t\t\t<\/div>\n\t\t\t\t<\/div>\n\t\t\t\t\t<\/div>\n\t\t<\/div>\n\t\t\t\t\t<\/div>\n\t\t<\/section>\n\t\t\t\t<section class=\"elementor-section elementor-top-section elementor-element elementor-element-6a8cdf5 elementor-section-boxed elementor-section-height-default elementor-section-height-default\" data-id=\"6a8cdf5\" data-element_type=\"section\" data-e-type=\"section\">\n\t\t\t\t\t\t<div class=\"elementor-container elementor-column-gap-default\">\n\t\t\t\t\t<div class=\"elementor-column elementor-col-100 elementor-top-column elementor-element elementor-element-873ea19\" data-id=\"873ea19\" data-element_type=\"column\" data-e-type=\"column\">\n\t\t\t<div class=\"elementor-widget-wrap elementor-element-populated\">\n\t\t\t\t\t\t<div class=\"elementor-element elementor-element-23a1be6 elementor-widget elementor-widget-image\" data-id=\"23a1be6\" data-element_type=\"widget\" data-e-type=\"widget\" data-widget_type=\"image.default\">\n\t\t\t\t<div class=\"elementor-widget-container\">\n\t\t\t\t\t\t\t\t\t\t\t\t\t\t\t<img decoding=\"async\" width=\"77\" height=\"65\" src=\"https:\/\/www.relais-monceau.com\/wp-content\/uploads\/2021\/03\/petit-dej.png\" class=\"attachment-large size-large wp-image-3899\" alt=\"\" \/>\t\t\t\t\t\t\t\t\t\t\t\t\t\t\t<\/div>\n\t\t\t\t<\/div>\n\t\t\t\t<div class=\"elementor-element elementor-element-e4c72da elementor-widget elementor-widget-heading\" data-id=\"e4c72da\" data-element_type=\"widget\" data-e-type=\"widget\" data-widget_type=\"heading.default\">\n\t\t\t\t<div class=\"elementor-widget-container\">\n\t\t\t\t\t<h2 class=\"elementor-heading-title elementor-size-default\">PETIT-DEJEUNER<\/h2>\t\t\t\t<\/div>\n\t\t\t\t<\/div>\n\t\t\t\t\t<\/div>\n\t\t<\/div>\n\t\t\t\t\t<\/div>\n\t\t<\/section>\n\t\t\t\t<section class=\"elementor-section elementor-top-section elementor-element elementor-element-cd2a7d3 elementor-section-boxed elementor-section-height-default elementor-section-height-default\" data-id=\"cd2a7d3\" data-element_type=\"section\" data-e-type=\"section\">\n\t\t\t\t\t\t<div class=\"elementor-container elementor-column-gap-default\">\n\t\t\t\t\t<div class=\"elementor-column elementor-col-100 elementor-top-column elementor-element elementor-element-4e3df2c\" data-id=\"4e3df2c\" data-element_type=\"column\" data-e-type=\"column\">\n\t\t\t<div class=\"elementor-widget-wrap elementor-element-populated\">\n\t\t\t\t\t\t<div class=\"elementor-element elementor-element-e562eb8 elementor-widget elementor-widget-text-editor\" data-id=\"e562eb8\" data-element_type=\"widget\" data-e-type=\"widget\" data-widget_type=\"text-editor.default\">\n\t\t\t\t<div class=\"elementor-widget-container\">\n\t\t\t\t\t\t\t\t\t<ul><li>Servi tous les jours entre <strong>7h00 et 10h30<\/strong> en salle (au rez-de-chauss\u00e9e) ou en chambre.<\/li><li>Petit-d\u00e9jeuner en salle\u00a0: Buffet froid et chaud &#8211; En chambre\u00a0: Petit d\u00e9jeuner continental.<\/li><\/ul>\t\t\t\t\t\t\t\t<\/div>\n\t\t\t\t<\/div>\n\t\t\t\t\t<\/div>\n\t\t<\/div>\n\t\t\t\t\t<\/div>\n\t\t<\/section>\n\t\t\t\t<section class=\"elementor-section elementor-top-section elementor-element elementor-element-37db29c elementor-section-boxed elementor-section-height-default elementor-section-height-default\" data-id=\"37db29c\" data-element_type=\"section\" data-e-type=\"section\">\n\t\t\t\t\t\t<div class=\"elementor-container elementor-column-gap-default\">\n\t\t\t\t\t<div class=\"elementor-column elementor-col-100 elementor-top-column elementor-element elementor-element-e1bb108\" data-id=\"e1bb108\" data-element_type=\"column\" data-e-type=\"column\">\n\t\t\t<div class=\"elementor-widget-wrap elementor-element-populated\">\n\t\t\t\t\t\t<div class=\"elementor-element elementor-element-cd89b87 elementor-widget elementor-widget-image\" data-id=\"cd89b87\" data-element_type=\"widget\" data-e-type=\"widget\" data-widget_type=\"image.default\">\n\t\t\t\t<div class=\"elementor-widget-container\">\n\t\t\t\t\t\t\t\t\t\t\t\t\t\t\t<img decoding=\"async\" width=\"74\" height=\"70\" src=\"https:\/\/www.relais-monceau.com\/wp-content\/uploads\/2021\/03\/engagement-eco.png\" class=\"attachment-large size-large wp-image-3896\" alt=\"\" \/>\t\t\t\t\t\t\t\t\t\t\t\t\t\t\t<\/div>\n\t\t\t\t<\/div>\n\t\t\t\t<div class=\"elementor-element elementor-element-42ff34a elementor-widget elementor-widget-heading\" data-id=\"42ff34a\" data-element_type=\"widget\" data-e-type=\"widget\" data-widget_type=\"heading.default\">\n\t\t\t\t<div class=\"elementor-widget-container\">\n\t\t\t\t\t<h2 class=\"elementor-heading-title elementor-size-default\">NOS ENGAGEMENTS ECO-RESPONSABLES<\/h2>\t\t\t\t<\/div>\n\t\t\t\t<\/div>\n\t\t\t\t\t<\/div>\n\t\t<\/div>\n\t\t\t\t\t<\/div>\n\t\t<\/section>\n\t\t\t\t<section class=\"elementor-section elementor-top-section elementor-element elementor-element-0d36497 elementor-section-boxed elementor-section-height-default elementor-section-height-default\" data-id=\"0d36497\" data-element_type=\"section\" data-e-type=\"section\">\n\t\t\t\t\t\t<div class=\"elementor-container elementor-column-gap-default\">\n\t\t\t\t\t<div class=\"elementor-column elementor-col-100 elementor-top-column elementor-element elementor-element-209b14d\" data-id=\"209b14d\" data-element_type=\"column\" data-e-type=\"column\">\n\t\t\t<div class=\"elementor-widget-wrap elementor-element-populated\">\n\t\t\t\t\t\t<div class=\"elementor-element elementor-element-69c6f0d elementor-widget elementor-widget-text-editor\" data-id=\"69c6f0d\" data-element_type=\"widget\" data-e-type=\"widget\" data-widget_type=\"text-editor.default\">\n\t\t\t\t<div class=\"elementor-widget-container\">\n\t\t\t\t\t\t\t\t\t<ul>\n<li><em>Les Serviettes \u00e0 Toilette\u00a0:<\/em> Si accroch\u00e9es, elles ne sont pas chang\u00e9es syst\u00e9matiquement. Si vous souhaitez qu\u2019elles soient chang\u00e9es, merci de le laisser dans la baignoire ou sur le sol.<\/li>\n<li>Produit d\u2019accueil ayant le label \u00ab\u00a0B Corp\u00a0\u00bb<\/li>\n<li>Utilisation de produits d\u2019entretien Eco Label et de Commerce Equitable.<\/li>\n<li>Mise en place progressive d\u2019ampoules basse tension.<\/li>\n<li>Nous demandons \u00e0 nos \u00e9quipes de pr\u00eater une attention toute particuli\u00e8re au Gaspillage d\u2019Energie\u00a0: Eteindre la Lumi\u00e8re\u00a0; Couper la Climatisation ou le Chauffage si la Chambre n\u2019est pas occup\u00e9e, ne pas laisser couler l\u2019Eau inutilement\u2026Nous encourageons nos clients \u00e0 nous aider dans cette d\u00e9marche.<\/li>\n<li>Une poubelle de tri est disponible au niveau-1<\/li>\n<\/ul>\t\t\t\t\t\t\t\t<\/div>\n\t\t\t\t<\/div>\n\t\t\t\t\t<\/div>\n\t\t<\/div>\n\t\t\t\t\t<\/div>\n\t\t<\/section>\n\t\t\t\t<section class=\"elementor-section elementor-top-section elementor-element elementor-element-3bc146e elementor-section-boxed elementor-section-height-default elementor-section-height-default\" data-id=\"3bc146e\" data-element_type=\"section\" data-e-type=\"section\">\n\t\t\t\t\t\t<div class=\"elementor-container elementor-column-gap-default\">\n\t\t\t\t\t<div class=\"elementor-column elementor-col-100 elementor-top-column elementor-element elementor-element-97958f8\" data-id=\"97958f8\" data-element_type=\"column\" data-e-type=\"column\">\n\t\t\t<div class=\"elementor-widget-wrap elementor-element-populated\">\n\t\t\t\t\t\t<div class=\"elementor-element elementor-element-ab4f3fe elementor-widget elementor-widget-image\" data-id=\"ab4f3fe\" data-element_type=\"widget\" data-e-type=\"widget\" data-widget_type=\"image.default\">\n\t\t\t\t<div class=\"elementor-widget-container\">\n\t\t\t\t\t\t\t\t\t\t\t\t\t\t\t<img loading=\"lazy\" decoding=\"async\" width=\"40\" height=\"54\" src=\"https:\/\/www.relais-monceau.com\/wp-content\/uploads\/2021\/03\/telephone.png\" class=\"attachment-large size-large wp-image-3900\" alt=\"\" \/>\t\t\t\t\t\t\t\t\t\t\t\t\t\t\t<\/div>\n\t\t\t\t<\/div>\n\t\t\t\t<div class=\"elementor-element elementor-element-e718756 elementor-widget elementor-widget-heading\" data-id=\"e718756\" data-element_type=\"widget\" data-e-type=\"widget\" data-widget_type=\"heading.default\">\n\t\t\t\t<div class=\"elementor-widget-container\">\n\t\t\t\t\t<h2 class=\"elementor-heading-title elementor-size-default\">TELEPHONE<\/h2>\t\t\t\t<\/div>\n\t\t\t\t<\/div>\n\t\t\t\t\t<\/div>\n\t\t<\/div>\n\t\t\t\t\t<\/div>\n\t\t<\/section>\n\t\t\t\t<section class=\"elementor-section elementor-top-section elementor-element elementor-element-d2d7e5e elementor-section-boxed elementor-section-height-default elementor-section-height-default\" data-id=\"d2d7e5e\" data-element_type=\"section\" data-e-type=\"section\">\n\t\t\t\t\t\t<div class=\"elementor-container elementor-column-gap-default\">\n\t\t\t\t\t<div class=\"elementor-column elementor-col-100 elementor-top-column elementor-element elementor-element-687d72b\" data-id=\"687d72b\" data-element_type=\"column\" data-e-type=\"column\">\n\t\t\t<div class=\"elementor-widget-wrap elementor-element-populated\">\n\t\t\t\t\t\t<div class=\"elementor-element elementor-element-ff0d8af elementor-widget elementor-widget-text-editor\" data-id=\"ff0d8af\" data-element_type=\"widget\" data-e-type=\"widget\" data-widget_type=\"text-editor.default\">\n\t\t\t\t<div class=\"elementor-widget-container\">\n\t\t\t\t\t\t\t\t\t<ul><li><strong>Pour joindre la R\u00e9ception, composez le 9.<\/strong><\/li><li>Pour joindre une chambre, composez le 3 puis le num\u00e9ro de chambre.<\/li><li>Pour t\u00e9l\u00e9phoner \u00e0 l\u2019ext\u00e9rieur, composer le 0 pour sortir puis le num\u00e9ro de t\u00e9l\u00e9phone.<\/li><li>Possibilit\u00e9 de <strong>R\u00e9veil en chambre<\/strong> sur demande \u00e0 la R\u00e9ception. (Merci de v\u00e9rifier que votre t\u00e9l\u00e9phone est bien raccroch\u00e9 la veille au soir)<\/li><\/ul>\t\t\t\t\t\t\t\t<\/div>\n\t\t\t\t<\/div>\n\t\t\t\t\t<\/div>\n\t\t<\/div>\n\t\t\t\t\t<\/div>\n\t\t<\/section>\n\t\t\t\t<section class=\"elementor-section elementor-top-section elementor-element elementor-element-f66ab9c elementor-section-boxed elementor-section-height-default elementor-section-height-default\" data-id=\"f66ab9c\" data-element_type=\"section\" data-e-type=\"section\">\n\t\t\t\t\t\t<div class=\"elementor-container elementor-column-gap-default\">\n\t\t\t\t\t<div class=\"elementor-column elementor-col-100 elementor-top-column elementor-element elementor-element-6fe68cc\" data-id=\"6fe68cc\" data-element_type=\"column\" data-e-type=\"column\">\n\t\t\t<div class=\"elementor-widget-wrap elementor-element-populated\">\n\t\t\t\t\t\t<div class=\"elementor-element elementor-element-b98e010 elementor-widget elementor-widget-image\" data-id=\"b98e010\" data-element_type=\"widget\" data-e-type=\"widget\" data-widget_type=\"image.default\">\n\t\t\t\t<div class=\"elementor-widget-container\">\n\t\t\t\t\t\t\t\t\t\t\t\t\t\t\t<img loading=\"lazy\" decoding=\"async\" width=\"83\" height=\"83\" src=\"https:\/\/www.relais-monceau.com\/wp-content\/uploads\/2021\/03\/equipement-et-services.png\" class=\"attachment-large size-large wp-image-3897\" alt=\"\" \/>\t\t\t\t\t\t\t\t\t\t\t\t\t\t\t<\/div>\n\t\t\t\t<\/div>\n\t\t\t\t<div class=\"elementor-element elementor-element-95c82a4 elementor-widget elementor-widget-heading\" data-id=\"95c82a4\" data-element_type=\"widget\" data-e-type=\"widget\" data-widget_type=\"heading.default\">\n\t\t\t\t<div class=\"elementor-widget-container\">\n\t\t\t\t\t<h2 class=\"elementor-heading-title elementor-size-default\">EQUIPEMENTS ET SERVICES<\/h2>\t\t\t\t<\/div>\n\t\t\t\t<\/div>\n\t\t\t\t\t<\/div>\n\t\t<\/div>\n\t\t\t\t\t<\/div>\n\t\t<\/section>\n\t\t\t\t<section class=\"elementor-section elementor-top-section elementor-element elementor-element-32921c6 elementor-section-boxed elementor-section-height-default elementor-section-height-default\" data-id=\"32921c6\" data-element_type=\"section\" data-e-type=\"section\">\n\t\t\t\t\t\t<div class=\"elementor-container elementor-column-gap-default\">\n\t\t\t\t\t<div class=\"elementor-column elementor-col-100 elementor-top-column elementor-element elementor-element-81df504\" data-id=\"81df504\" data-element_type=\"column\" data-e-type=\"column\">\n\t\t\t<div class=\"elementor-widget-wrap elementor-element-populated\">\n\t\t\t\t\t\t<div class=\"elementor-element elementor-element-9b2ce29 elementor-widget elementor-widget-text-editor\" data-id=\"9b2ce29\" data-element_type=\"widget\" data-e-type=\"widget\" data-widget_type=\"text-editor.default\">\n\t\t\t\t<div class=\"elementor-widget-container\">\n\t\t\t\t\t\t\t\t\t<ul>\n<li>La R\u00e9ception est \u00e0 votre service <strong>24H\/24 et 7J\/7.<\/strong><\/li>\n<li><strong>1 petite bouteille d\u2019eau est offerte<\/strong> par personne \u00e0 l\u2019arriv\u00e9e. En suppl\u00e9ment \u00e0 partir de la 2\u00e8me nuit (3\u20ac l\u2019unit\u00e9) et disponible au bar de l\u2019h\u00f4tel.<\/li>\n<li><strong>Service Pressing\u00a0:<\/strong> Linge \u00e0 remettre \u00e0 la R\u00e9ception avant 10h00 et rendu le soir m\u00eame. Des sacs \u00e0 linge sont disponibles \u00e0 la R\u00e9ception.<\/li>\n<li>Service de Babysitting disponible sur demande \u2013 merci de contacter la r\u00e9ception pour plus de renseignements.<\/li>\n<li>Nous sommes \u00e0 votre disposition pour toute information d\u2019ordre g\u00e9n\u00e9ral ou concernant les lieux \u00e0 visiter. Nous nous ferons un plaisir de vous r\u00e9server un coiffeur, des soins esth\u00e9tiques, des massages d\u00e9tente\u2026 de vous conseiller des boutiques ou de vous trouver un restaurant\u2026<\/li>\n<li>Chauffage et climatisation individuels.<\/li>\n<li>Chaussons, bonnets de douche, kits de rasage, peignes, dentifrices et brosses \u00e0 dents, n\u00e9cessaires de coutures,\u00a0n\u00e9cessaires \u00e0 chaussure sont disponibles \u00e0 la R\u00e9ception.<\/li>\n<li><strong>Coffre-fort<\/strong> \u00e0 votre disposition dans l\u2019armoire de la chambre. N\u2019oubliez pas de prot\u00e9ger vos biens de valeur dans nos coffres, l\u2019h\u00f4tel d\u00e9clinant toute responsabilit\u00e9 en cas de perte ou de vol.<\/li>\n<li>Nous proposons une s\u00e9lection de cha\u00eenes de t\u00e9l\u00e9vision nationales et internationales.<\/li>\n<\/ul>\t\t\t\t\t\t\t\t<\/div>\n\t\t\t\t<\/div>\n\t\t\t\t\t<\/div>\n\t\t<\/div>\n\t\t\t\t\t<\/div>\n\t\t<\/section>\n\t\t\t\t<section class=\"elementor-section elementor-top-section elementor-element elementor-element-b32816f elementor-section-boxed elementor-section-height-default elementor-section-height-default\" data-id=\"b32816f\" data-element_type=\"section\" data-e-type=\"section\">\n\t\t\t\t\t\t<div class=\"elementor-container elementor-column-gap-default\">\n\t\t\t\t\t<div class=\"elementor-column elementor-col-100 elementor-top-column elementor-element elementor-element-f7aabbb\" data-id=\"f7aabbb\" data-element_type=\"column\" data-e-type=\"column\">\n\t\t\t<div class=\"elementor-widget-wrap elementor-element-populated\">\n\t\t\t\t\t\t<div class=\"elementor-element elementor-element-4a908a7 elementor-widget elementor-widget-image\" data-id=\"4a908a7\" data-element_type=\"widget\" data-e-type=\"widget\" data-widget_type=\"image.default\">\n\t\t\t\t<div class=\"elementor-widget-container\">\n\t\t\t\t\t\t\t\t\t\t\t\t\t\t\t<img loading=\"lazy\" decoding=\"async\" width=\"54\" height=\"91\" src=\"https:\/\/www.relais-monceau.com\/wp-content\/uploads\/2021\/03\/ba.png\" class=\"attachment-large size-large wp-image-3894\" alt=\"\" \/>\t\t\t\t\t\t\t\t\t\t\t\t\t\t\t<\/div>\n\t\t\t\t<\/div>\n\t\t\t\t<div class=\"elementor-element elementor-element-4b0490a elementor-widget elementor-widget-heading\" data-id=\"4b0490a\" data-element_type=\"widget\" data-e-type=\"widget\" data-widget_type=\"heading.default\">\n\t\t\t\t<div class=\"elementor-widget-container\">\n\t\t\t\t\t<h2 class=\"elementor-heading-title elementor-size-default\">BAR<\/h2>\t\t\t\t<\/div>\n\t\t\t\t<\/div>\n\t\t\t\t\t<\/div>\n\t\t<\/div>\n\t\t\t\t\t<\/div>\n\t\t<\/section>\n\t\t\t\t<section class=\"elementor-section elementor-top-section elementor-element elementor-element-385edb3 elementor-section-boxed elementor-section-height-default elementor-section-height-default\" data-id=\"385edb3\" data-element_type=\"section\" data-e-type=\"section\">\n\t\t\t\t\t\t<div class=\"elementor-container elementor-column-gap-default\">\n\t\t\t\t\t<div class=\"elementor-column elementor-col-100 elementor-top-column elementor-element elementor-element-3fe4989\" data-id=\"3fe4989\" data-element_type=\"column\" data-e-type=\"column\">\n\t\t\t<div class=\"elementor-widget-wrap elementor-element-populated\">\n\t\t\t\t\t\t<div class=\"elementor-element elementor-element-6f52fb7 elementor-widget elementor-widget-text-editor\" data-id=\"6f52fb7\" data-element_type=\"widget\" data-e-type=\"widget\" data-widget_type=\"text-editor.default\">\n\t\t\t\t<div class=\"elementor-widget-container\">\n\t\t\t\t\t\t\t\t\t<p><strong><em>Profitez de notre bar et de notre terrasse ext\u00e9rieure si le temps le permet au rez-de-chauss\u00e9e pour prendre un ap\u00e9ritif et vous d\u00e9tendre.<\/em><\/strong>\u00a0 \u00a0 \u00a0 \u00a0 \u00a0 \u00a0 \u00a0 \u00a0 \u00a0 \u00a0 \u00a0 \u00a0 \u00a0 \u00a0 \u00a0 \u00a0 \u00a0 \u00a0 \u00a0 \u00a0 \u00a0 \u00a0 \u00a0 \u00a0 \u00a0 \u00a0 \u00a0 \u00a0 \u00a0 \u00a0 \u00a0 \u00a0 \u00a0 \u00a0 \u00a0 \u00a0 \u00a0 \u00a0 \u00a0 \u00a0 \u00a0 \u00a0 \u00a0 \u00a0 \u00a0 \u00a0 \u00a0 \u00a0 \u00a0 \u00a0 \u00a0 \u00a0 \u00a0 \u00a0 \u00a0 \u00a0 \u00a0 \u00a0 \u00a0 \u00a0 \u00a0 \u00a0 \u00a0 \u00a0 \u00a0 \u00a0 \u00a0 \u00a0<\/p>\t\t\t\t\t\t\t\t<\/div>\n\t\t\t\t<\/div>\n\t\t\t\t\t<\/div>\n\t\t<\/div>\n\t\t\t\t\t<\/div>\n\t\t<\/section>\n\t\t\t\t<section class=\"elementor-section elementor-top-section elementor-element elementor-element-b9ca298 elementor-section-boxed elementor-section-height-default elementor-section-height-default\" data-id=\"b9ca298\" data-element_type=\"section\" data-e-type=\"section\">\n\t\t\t\t\t\t<div class=\"elementor-container elementor-column-gap-default\">\n\t\t\t\t\t<div class=\"elementor-column elementor-col-100 elementor-top-column elementor-element elementor-element-ecfbf52\" data-id=\"ecfbf52\" data-element_type=\"column\" data-e-type=\"column\">\n\t\t\t<div class=\"elementor-widget-wrap elementor-element-populated\">\n\t\t\t\t\t\t<div class=\"elementor-element elementor-element-4875c0c elementor-widget elementor-widget-image\" data-id=\"4875c0c\" data-element_type=\"widget\" data-e-type=\"widget\" data-widget_type=\"image.default\">\n\t\t\t\t<div class=\"elementor-widget-container\">\n\t\t\t\t\t\t\t\t\t\t\t\t\t\t\t<img loading=\"lazy\" decoding=\"async\" width=\"61\" height=\"61\" src=\"https:\/\/www.relais-monceau.com\/wp-content\/uploads\/2021\/03\/cigarette.png\" class=\"attachment-large size-large wp-image-3895\" alt=\"\" \/>\t\t\t\t\t\t\t\t\t\t\t\t\t\t\t<\/div>\n\t\t\t\t<\/div>\n\t\t\t\t\t<\/div>\n\t\t<\/div>\n\t\t\t\t\t<\/div>\n\t\t<\/section>\n\t\t\t\t<section class=\"elementor-section elementor-top-section elementor-element elementor-element-d588dee elementor-section-boxed elementor-section-height-default elementor-section-height-default\" data-id=\"d588dee\" data-element_type=\"section\" data-e-type=\"section\">\n\t\t\t\t\t\t<div class=\"elementor-container elementor-column-gap-default\">\n\t\t\t\t\t<div class=\"elementor-column elementor-col-100 elementor-top-column elementor-element elementor-element-08d6241\" data-id=\"08d6241\" data-element_type=\"column\" data-e-type=\"column\">\n\t\t\t<div class=\"elementor-widget-wrap elementor-element-populated\">\n\t\t\t\t\t\t<div class=\"elementor-element elementor-element-431f26f elementor-widget elementor-widget-text-editor\" data-id=\"431f26f\" data-element_type=\"widget\" data-e-type=\"widget\" data-widget_type=\"text-editor.default\">\n\t\t\t\t<div class=\"elementor-widget-container\">\n\t\t\t\t\t\t\t\t\t<p><strong>L\u2019H\u00f4tel rappelle que l\u2019interdiction de fumer ou de vapoter est en vigueur dans tous les lieux publics depuis le 2 janvier 2008. L\u2019h\u00f4tel est un espace enti\u00e8rement non-fumeur \u00e0 l\u2019exception des espaces fumeurs ext\u00e9rieurs o\u00f9 sont dispos\u00e9s des cendriers. Il est donc absolument interdit de fumer ou de vapoter dans les chambres pour des raisons \u00e9videntes de s\u00e9curit\u00e9 et de confort.<\/strong> Le Client sera par cons\u00e9quent redevable de l\u2019int\u00e9gralit\u00e9 des montants des frais de nettoyage et de remise en l\u2019\u00e9tat initial de l\u2019\u00e9l\u00e9ment ou de l\u2019espace endommag\u00e9. Si de la fum\u00e9e ou de la vapeur de cigarette \u00e9lectronique est d\u00e9tect\u00e9e dans la chambre, l\u2019H\u00f4tel se r\u00e9serve le droit de facturer au Client le co\u00fbt de l\u2019immobilisation de la chambre (nombre de nuits d\u2019immobilisation multipli\u00e9 par le tarif du jour en vigueur avec un maximum de facturation de 3 nuits).<\/p><p>\u00a0<\/p>\t\t\t\t\t\t\t\t<\/div>\n\t\t\t\t<\/div>\n\t\t\t\t\t<\/div>\n\t\t<\/div>\n\t\t\t\t\t<\/div>\n\t\t<\/section>\n\t\t\t\t<\/div>\n\t\t","protected":false},"excerpt":{"rendered":"<p>ROOM DIRECTORY \u2013 HOTEL RELAIS MONCEAU WIFI (gratuit dans tout l\u2019h\u00f4tel) &#8211; R\u00e9seau: RELAIS_MONCEAU &#8211; Mot de passe: 85Rocher PETIT-DEJEUNER [&hellip;]<\/p>\n","protected":false},"author":3,"featured_media":3113,"parent":0,"menu_order":0,"comment_status":"closed","ping_status":"closed","template":"","meta":{"footnotes":""},"class_list":["post-3892","page","type-page","status-publish","has-post-thumbnail","hentry"],"_links":{"self":[{"href":"https:\/\/www.relais-monceau.com\/fr\/wp-json\/wp\/v2\/pages\/3892","targetHints":{"allow":["GET"]}}],"collection":[{"href":"https:\/\/www.relais-monceau.com\/fr\/wp-json\/wp\/v2\/pages"}],"about":[{"href":"https:\/\/www.relais-monceau.com\/fr\/wp-json\/wp\/v2\/types\/page"}],"author":[{"embeddable":true,"href":"https:\/\/www.relais-monceau.com\/fr\/wp-json\/wp\/v2\/users\/3"}],"replies":[{"embeddable":true,"href":"https:\/\/www.relais-monceau.com\/fr\/wp-json\/wp\/v2\/comments?post=3892"}],"version-history":[{"count":17,"href":"https:\/\/www.relais-monceau.com\/fr\/wp-json\/wp\/v2\/pages\/3892\/revisions"}],"predecessor-version":[{"id":4998,"href":"https:\/\/www.relais-monceau.com\/fr\/wp-json\/wp\/v2\/pages\/3892\/revisions\/4998"}],"wp:featuredmedia":[{"embeddable":true,"href":"https:\/\/www.relais-monceau.com\/fr\/wp-json\/wp\/v2\/media\/3113"}],"wp:attachment":[{"href":"https:\/\/www.relais-monceau.com\/fr\/wp-json\/wp\/v2\/media?parent=3892"}],"curies":[{"name":"wp","href":"https:\/\/api.w.org\/{rel}","templated":true}]}}