{"id":4662,"date":"2024-12-18T18:12:48","date_gmt":"2024-12-18T17:12:48","guid":{"rendered":"https:\/\/www.relais-monceau.com\/?page_id=4662\/"},"modified":"2024-12-27T12:24:56","modified_gmt":"2024-12-27T11:24:56","slug":"chambre-deluxe-familiale-avec-terrasse","status":"publish","type":"page","link":"https:\/\/www.relais-monceau.com\/fr\/chambre-deluxe-familiale-avec-terrasse\/","title":{"rendered":"Chambre Deluxe Familiale avec terrasse"},"content":{"rendered":"\t\t<div data-elementor-type=\"wp-page\" data-elementor-id=\"4662\" class=\"elementor elementor-4662\">\n\t\t\t\t\t\t<section class=\"elementor-section elementor-top-section elementor-element elementor-element-13f56fc7 elementor-section-boxed elementor-section-height-default elementor-section-height-default\" data-id=\"13f56fc7\" data-element_type=\"section\" data-e-type=\"section\">\n\t\t\t\t\t\t<div class=\"elementor-container elementor-column-gap-default\">\n\t\t\t\t\t<div class=\"elementor-column elementor-col-100 elementor-top-column elementor-element elementor-element-28fb3429\" data-id=\"28fb3429\" data-element_type=\"column\" data-e-type=\"column\">\n\t\t\t<div class=\"elementor-widget-wrap elementor-element-populated\">\n\t\t\t\t\t\t<div class=\"elementor-element elementor-element-e05d383 elementor-widget elementor-widget-heading\" data-id=\"e05d383\" data-element_type=\"widget\" data-e-type=\"widget\" data-widget_type=\"heading.default\">\n\t\t\t\t<div class=\"elementor-widget-container\">\n\t\t\t\t\t<h1 class=\"elementor-heading-title elementor-size-default\">Chambres Deluxe Familiale avec Terrasse - Relais Monceau<\/h1>\t\t\t\t<\/div>\n\t\t\t\t<\/div>\n\t\t\t\t\t<\/div>\n\t\t<\/div>\n\t\t\t\t\t<\/div>\n\t\t<\/section>\n\t\t\t\t<section class=\"elementor-section elementor-top-section elementor-element elementor-element-474169a9 elementor-section-boxed elementor-section-height-default elementor-section-height-default\" data-id=\"474169a9\" data-element_type=\"section\" data-e-type=\"section\">\n\t\t\t\t\t\t<div class=\"elementor-container elementor-column-gap-default\">\n\t\t\t\t\t<div class=\"elementor-column elementor-col-100 elementor-top-column elementor-element elementor-element-1c104476\" data-id=\"1c104476\" data-element_type=\"column\" data-e-type=\"column\">\n\t\t\t<div class=\"elementor-widget-wrap elementor-element-populated\">\n\t\t\t\t\t\t<div class=\"elementor-element elementor-element-3bd08284 elementor-widget elementor-widget-text-editor\" data-id=\"3bd08284\" data-element_type=\"widget\" data-e-type=\"widget\" data-widget_type=\"text-editor.default\">\n\t\t\t\t<div class=\"elementor-widget-container\">\n\t\t\t\t\t\t\t\t\t<div class=\"center\"><form id=\"ninja_forms_form_16\" enctype=\"multipart\/form-data\" action=\"#\" data-region=\"emea\" data-channelcode=\"hotelrelaismonceaudirect\" class=\"ninja-forms-form  container-fluid row second_resa ibe\">\r\n\r\n\t<div id=\"ninja_forms_form_16_all_fields_wrap\" class=\"ninja-forms-all-fields-wrap\">\r\n\t\t<div class=\"ninja-forms-required-items\">Fields with a <span class=\"ninja-forms-req-symbol\">*<\/span> are mandatory<\/div>\r\n\t\t<div class=\"field-wrap text-wrap label-above -wrap col-4-wrap\" id=\"ninja_forms_field_35_div_wrap\" data-visible=\"1\">\r\n\t\t<label for=\"ninja_forms_field_35\" id=\"ninja_forms_field_35_label\" class=\"\">From <span class=\"ninja-forms-req-symbol\"><strong>*<\/strong><\/span>\t\t\t\t<\/label>\r\n\t\t\t<input id=\"arr2\" data-mask=\"\" data-input-limit=\"\" data-input-limit-type=\"char\" data-input-limit-msg=\"character(s) left\" name=\"check_in_date\" type=\"date\" placeholder=\"\" class=\" datepicker \" value=\"\" rel=\"35\" required min=\"2026-04-18\">\r\n\t\t\t<div id=\"ninja_forms_field_35_error\" style=\"display:none;\" class=\"ninja-forms-field-error\">\r\n\t\t\t<\/div>\r\n\t\t<\/div>\r\n\t\t<div class=\"field-wrap text-wrap label-above -wrap col-4-wrap\" id=\"ninja_forms_field_36_div_wrap\" data-visible=\"1\">\r\n\t\t\t<label for=\"ninja_forms_field_36\" id=\"ninja_forms_field_36_label\" class=\"\">Number of night(s)<span class=\"ninja-forms-req-symbol\"><strong>*<\/strong><\/span>\t\t\t\t<\/label>\r\n\t\t\t<input id=\"dep2\" data-mask=\"\" data-input-limit=\"\" data-input-limit-type=\"char\" data-input-limit-msg=\"character(s) left\" name=\"number_nights\" type=\"number\" placeholder=\"\"  value=\"\" rel=\"36\"  required min=\"1\" value=\"1\">\r\n\t\t\t<div id=\"ninja_forms_field_36_error\" style=\"display:none;\" class=\"ninja-forms-field-error\">\r\n\t\t\t<\/div>\r\n\t\t<\/div>\r\n \t\t<div class=\"field-wrap list-dropdown-wrap label-above -wrap col-4-wrap\" id=\"ninja_forms_field_37_div_wrap\" data-visible=\"1\">\r\n\t\t\t<label for=\"ninja_forms_field_37\" id=\"ninja_forms_field_37_label\" class=\"\">\r\n\t\t\tPerson(s) <span class=\"ninja-forms-req-symbol\"><strong>*<\/strong><\/span>\t\t\t\t<\/label>\r\n\t\t\t<select name=\"adu\" id=\"ninja_forms_field_37\" class=\"ninja-forms-field  ninja-forms-req  col-4\" rel=\"37\">\r\n\t\t\t<option value=\"1\" selected=\"\" style=\"\">1 Person<\/option>\r\n\t\t\t\t<option value=\"2\" style=\"\">2 Persons<\/option>\r\n\t\t\t<\/select>\r\n\t\t\t<\/select>\r\n\t\t\t<div id=\"ninja_forms_field_37_error\" style=\"display:none;\" class=\"ninja-forms-field-error\">\r\n\t\t\t<\/div>\r\n\t\t<\/div>\r\n\t\t\r\n\t\t\t\t\t\t<div class=\"field-wrap list-dropdown-wrap label-above -wrap col-2-wrap\" id=\"ninja_forms_field_39_div_wrap\" data-visible=\"1\">\r\n\t\t<label for=\"ninja_forms_field_39\" id=\"ninja_forms_field_39_label\" class=\"\">\r\n\t\tChild(s)\t\t\t\t<\/label>\r\n\t\t\t\t\t<input max=\"3\" min=\"0\" name=\"number_children\" type=\"number\" value=\"0\" class=\"col-2\"\/>\r\n\t\t<div id=\"ninja_forms_field_39_error\" style=\"display:none;\" class=\"ninja-forms-field-error\">\r\n\t\t<\/div>\r\n\t<\/div>\r\n\t<div class=\"submit_container field-wrap submit-wrap label-above -wrap col-2-wrap\" id=\"ninja_forms_field_42_div_wrap\" data-visible=\"1\">\r\n\t\t<div id=\"nf_submit_16\">\r\n\t\t\t<input type=\"submit\" name=\"_ninja_forms_field_42\" class=\"ninja-forms-field   col-2\" id=\"ninja_forms_field_42\" value=\"Find a room\" rel=\"42\">\r\n\t\t<\/div>\r\n\t\t<div id=\"nf_processing_16\" style=\"display:none;\">\r\n\t\t\t<input type=\"submit\" name=\"_ninja_forms_field_42\" class=\"ninja-forms-field   col-2\" id=\"ninja_forms_field_42\" value=\"En traitement\" rel=\"42\" disabled=\"\">\r\n\t\t<\/div>\r\n\t\t<div id=\"ninja_forms_field_42_error\" style=\"display:none;\" class=\"ninja-forms-field-error\">\r\n\t\t<\/div>\r\n\t<\/div>\r\n\t<div class=\"clearfix\"><\/div>\t<\/div>\r\n<\/form>\r\n<script>\r\njQuery( document ).ready( function () {\r\n\r\n                var d = new Date();\r\n                var res = d.toISOString().split(\"T\");                                                                                                                                             jQuery('#arr2').val(res[0]);\r\n\r\n                jQuery('#arr2').change(function() {\r\n                        var date = new Date(jQuery('#arr2').val());\r\n                        date.setDate(date.getDate() + 1);\r\n                        var res = date.toISOString().split(\"T\");\r\n                        jQuery('#dep2').val(res[0]);\r\n                });\r\n\r\n});\r\n<\/script>\r\n<\/div>\t\t\t\t\t\t\t\t<\/div>\n\t\t\t\t<\/div>\n\t\t\t\t\t<\/div>\n\t\t<\/div>\n\t\t\t\t\t<\/div>\n\t\t<\/section>\n\t\t\t\t<section class=\"elementor-section elementor-top-section elementor-element elementor-element-47efe7bf elementor-section-boxed elementor-section-height-default elementor-section-height-default\" data-id=\"47efe7bf\" data-element_type=\"section\" data-e-type=\"section\">\n\t\t\t\t\t\t<div class=\"elementor-container elementor-column-gap-default\">\n\t\t\t\t\t<div class=\"elementor-column elementor-col-100 elementor-top-column elementor-element elementor-element-5ed8e223\" data-id=\"5ed8e223\" data-element_type=\"column\" data-e-type=\"column\">\n\t\t\t<div class=\"elementor-widget-wrap elementor-element-populated\">\n\t\t\t\t\t\t<div class=\"elementor-element elementor-element-49d05017 elementor-widget elementor-widget-heading\" data-id=\"49d05017\" data-element_type=\"widget\" data-e-type=\"widget\" data-widget_type=\"heading.default\">\n\t\t\t\t<div class=\"elementor-widget-container\">\n\t\t\t\t\t<h2 class=\"elementor-heading-title elementor-size-default\">Les chambres \"grand format\"<\/h2>\t\t\t\t<\/div>\n\t\t\t\t<\/div>\n\t\t\t\t\t<\/div>\n\t\t<\/div>\n\t\t\t\t\t<\/div>\n\t\t<\/section>\n\t\t\t\t<section class=\"elementor-section elementor-top-section elementor-element elementor-element-cf1c91d elementor-section-boxed elementor-section-height-default elementor-section-height-default\" data-id=\"cf1c91d\" data-element_type=\"section\" data-e-type=\"section\">\n\t\t\t\t\t\t<div class=\"elementor-container elementor-column-gap-default\">\n\t\t\t\t\t<div class=\"elementor-column elementor-col-100 elementor-top-column elementor-element elementor-element-18b7bf69\" data-id=\"18b7bf69\" data-element_type=\"column\" data-e-type=\"column\">\n\t\t\t<div class=\"elementor-widget-wrap elementor-element-populated\">\n\t\t\t\t\t\t<div class=\"elementor-element elementor-element-586e1e9a elementor-widget elementor-widget-text-editor\" data-id=\"586e1e9a\" data-element_type=\"widget\" data-e-type=\"widget\" data-widget_type=\"text-editor.default\">\n\t\t\t\t<div class=\"elementor-widget-container\">\n\t\t\t\t\t\t\t\t\t<p><strong>Gr\u00e2ce au Relais Monceau &#8211; les week-end en plein coeur de Paris en famille sont possibles !<\/strong><\/p>\t\t\t\t\t\t\t\t<\/div>\n\t\t\t\t<\/div>\n\t\t\t\t\t<\/div>\n\t\t<\/div>\n\t\t\t\t\t<\/div>\n\t\t<\/section>\n\t\t\t\t<section class=\"elementor-section elementor-top-section elementor-element elementor-element-45cd03a9 elementor-section-boxed elementor-section-height-default elementor-section-height-default\" data-id=\"45cd03a9\" data-element_type=\"section\" data-e-type=\"section\">\n\t\t\t\t\t\t<div class=\"elementor-container elementor-column-gap-default\">\n\t\t\t\t\t<div class=\"elementor-column elementor-col-33 elementor-top-column elementor-element elementor-element-4b17d004\" data-id=\"4b17d004\" data-element_type=\"column\" data-e-type=\"column\">\n\t\t\t<div class=\"elementor-widget-wrap elementor-element-populated\">\n\t\t\t\t\t\t<div class=\"elementor-element elementor-element-4ff1395b elementor-widget elementor-widget-image\" data-id=\"4ff1395b\" data-element_type=\"widget\" data-e-type=\"widget\" data-widget_type=\"image.default\">\n\t\t\t\t<div class=\"elementor-widget-container\">\n\t\t\t\t\t\t\t\t\t\t\t\t\t\t\t\t<a href=\"https:\/\/www.relais-monceau.com\/wp-content\/uploads\/2021\/03\/IMG_20210224_174942.jpg\" data-elementor-open-lightbox=\"yes\" data-elementor-lightbox-title=\"Chambre relais monceau\" data-e-action-hash=\"#elementor-action%3Aaction%3Dlightbox%26settings%3DeyJpZCI6NDEzNCwidXJsIjoiaHR0cHM6XC9cL3d3dy5yZWxhaXMtbW9uY2VhdS5jb21cL3dwLWNvbnRlbnRcL3VwbG9hZHNcLzIwMjFcLzAzXC9JTUdfMjAyMTAyMjRfMTc0OTQyLmpwZyJ9\">\n\t\t\t\t\t\t\t<img fetchpriority=\"high\" decoding=\"async\" width=\"750\" height=\"500\" src=\"https:\/\/www.relais-monceau.com\/wp-content\/uploads\/2021\/03\/IMG_20210224_174942-1024x682.jpg\" class=\"attachment-large size-large wp-image-4134\" alt=\"Chambre relais monceau\" srcset=\"https:\/\/www.relais-monceau.com\/wp-content\/uploads\/2021\/03\/IMG_20210224_174942-1024x682.jpg 1024w, https:\/\/www.relais-monceau.com\/wp-content\/uploads\/2021\/03\/IMG_20210224_174942-300x200.jpg 300w, https:\/\/www.relais-monceau.com\/wp-content\/uploads\/2021\/03\/IMG_20210224_174942-768x512.jpg 768w, https:\/\/www.relais-monceau.com\/wp-content\/uploads\/2021\/03\/IMG_20210224_174942-1536x1024.jpg 1536w, https:\/\/www.relais-monceau.com\/wp-content\/uploads\/2021\/03\/IMG_20210224_174942.jpg 2000w\" sizes=\"(max-width: 750px) 100vw, 750px\" \/>\t\t\t\t\t\t\t\t<\/a>\n\t\t\t\t\t\t\t\t\t\t\t\t\t\t\t<\/div>\n\t\t\t\t<\/div>\n\t\t\t\t\t<\/div>\n\t\t<\/div>\n\t\t\t\t<div class=\"elementor-column elementor-col-33 elementor-top-column elementor-element elementor-element-56b1ac04\" data-id=\"56b1ac04\" data-element_type=\"column\" data-e-type=\"column\">\n\t\t\t<div class=\"elementor-widget-wrap elementor-element-populated\">\n\t\t\t\t\t\t<div class=\"elementor-element elementor-element-2d723efb elementor-widget elementor-widget-image\" data-id=\"2d723efb\" data-element_type=\"widget\" data-e-type=\"widget\" data-widget_type=\"image.default\">\n\t\t\t\t<div class=\"elementor-widget-container\">\n\t\t\t\t\t\t\t\t\t\t\t\t\t\t\t\t<a href=\"https:\/\/www.relais-monceau.com\/wp-content\/uploads\/2021\/03\/Monceau-C01-15-2.jpg\" data-elementor-open-lightbox=\"yes\" data-elementor-lightbox-title=\"Chambre relais monceau\" data-e-action-hash=\"#elementor-action%3Aaction%3Dlightbox%26settings%3DeyJpZCI6NDEyOCwidXJsIjoiaHR0cHM6XC9cL3d3dy5yZWxhaXMtbW9uY2VhdS5jb21cL3dwLWNvbnRlbnRcL3VwbG9hZHNcLzIwMjFcLzAzXC9Nb25jZWF1LUMwMS0xNS0yLmpwZyJ9\">\n\t\t\t\t\t\t\t<img decoding=\"async\" width=\"750\" height=\"499\" src=\"https:\/\/www.relais-monceau.com\/wp-content\/uploads\/2021\/03\/Monceau-C01-15-2-1024x681.jpg\" class=\"attachment-large size-large wp-image-4128\" alt=\"\" srcset=\"https:\/\/www.relais-monceau.com\/wp-content\/uploads\/2021\/03\/Monceau-C01-15-2-1024x681.jpg 1024w, https:\/\/www.relais-monceau.com\/wp-content\/uploads\/2021\/03\/Monceau-C01-15-2-300x200.jpg 300w, https:\/\/www.relais-monceau.com\/wp-content\/uploads\/2021\/03\/Monceau-C01-15-2-768x511.jpg 768w, https:\/\/www.relais-monceau.com\/wp-content\/uploads\/2021\/03\/Monceau-C01-15-2.jpg 1169w\" sizes=\"(max-width: 750px) 100vw, 750px\" \/>\t\t\t\t\t\t\t\t<\/a>\n\t\t\t\t\t\t\t\t\t\t\t\t\t\t\t<\/div>\n\t\t\t\t<\/div>\n\t\t\t\t\t<\/div>\n\t\t<\/div>\n\t\t\t\t<div class=\"elementor-column elementor-col-33 elementor-top-column elementor-element elementor-element-62addf6e\" data-id=\"62addf6e\" data-element_type=\"column\" data-e-type=\"column\">\n\t\t\t<div class=\"elementor-widget-wrap elementor-element-populated\">\n\t\t\t\t\t\t<div class=\"elementor-element elementor-element-41d3fa8e elementor-widget elementor-widget-image\" data-id=\"41d3fa8e\" data-element_type=\"widget\" data-e-type=\"widget\" data-widget_type=\"image.default\">\n\t\t\t\t<div class=\"elementor-widget-container\">\n\t\t\t\t\t\t\t\t\t\t\t\t\t\t\t\t<a href=\"https:\/\/www.relais-monceau.com\/wp-content\/uploads\/2021\/03\/Monceau-01-HD-6.jpg\" data-elementor-open-lightbox=\"yes\" data-elementor-lightbox-title=\"Chambre relais monceau\" data-e-action-hash=\"#elementor-action%3Aaction%3Dlightbox%26settings%3DeyJpZCI6NDEyNywidXJsIjoiaHR0cHM6XC9cL3d3dy5yZWxhaXMtbW9uY2VhdS5jb21cL3dwLWNvbnRlbnRcL3VwbG9hZHNcLzIwMjFcLzAzXC9Nb25jZWF1LTAxLUhELTYuanBnIn0%3D\">\n\t\t\t\t\t\t\t<img decoding=\"async\" width=\"750\" height=\"500\" src=\"https:\/\/www.relais-monceau.com\/wp-content\/uploads\/2021\/03\/Monceau-01-HD-6-1024x682.jpg\" class=\"attachment-large size-large wp-image-4127\" alt=\"Chambre relais monceau\" srcset=\"https:\/\/www.relais-monceau.com\/wp-content\/uploads\/2021\/03\/Monceau-01-HD-6-1024x682.jpg 1024w, https:\/\/www.relais-monceau.com\/wp-content\/uploads\/2021\/03\/Monceau-01-HD-6-300x200.jpg 300w, https:\/\/www.relais-monceau.com\/wp-content\/uploads\/2021\/03\/Monceau-01-HD-6-768x512.jpg 768w, https:\/\/www.relais-monceau.com\/wp-content\/uploads\/2021\/03\/Monceau-01-HD-6-1536x1024.jpg 1536w, https:\/\/www.relais-monceau.com\/wp-content\/uploads\/2021\/03\/Monceau-01-HD-6.jpg 2000w\" sizes=\"(max-width: 750px) 100vw, 750px\" \/>\t\t\t\t\t\t\t\t<\/a>\n\t\t\t\t\t\t\t\t\t\t\t\t\t\t\t<\/div>\n\t\t\t\t<\/div>\n\t\t\t\t\t<\/div>\n\t\t<\/div>\n\t\t\t\t\t<\/div>\n\t\t<\/section>\n\t\t\t\t<section class=\"elementor-section elementor-top-section elementor-element elementor-element-1f03df05 elementor-section-boxed elementor-section-height-default elementor-section-height-default\" data-id=\"1f03df05\" data-element_type=\"section\" data-e-type=\"section\">\n\t\t\t\t\t\t<div class=\"elementor-container elementor-column-gap-default\">\n\t\t\t\t\t<div class=\"elementor-column elementor-col-100 elementor-top-column elementor-element elementor-element-77df07d8\" data-id=\"77df07d8\" data-element_type=\"column\" data-e-type=\"column\">\n\t\t\t<div class=\"elementor-widget-wrap elementor-element-populated\">\n\t\t\t\t\t\t<div class=\"elementor-element elementor-element-5a3ea0ac elementor-widget elementor-widget-text-editor\" data-id=\"5a3ea0ac\" data-element_type=\"widget\" data-e-type=\"widget\" data-widget_type=\"text-editor.default\">\n\t\t\t\t<div class=\"elementor-widget-container\">\n\t\t\t\t\t\t\t\t\t<p>L\u2019une de nos<strong> chambres Deluxe avec Terrasse<\/strong> se d\u00e9cline en format <strong>familial<\/strong>.<\/p><p>D\u2019une superficie de<strong> 24m2,<\/strong> cette chambre poss\u00e8de un lit double et un canap\u00e9 lit pouvant ainsi accueillir jusqu\u2019\u00e0 <strong>4 voyageurs<\/strong>. Ainsi, pour un moment de partage en famille ou entre amis, \u00e0 l\u2019int\u00e9rieur, comme \u00e0 l\u2019ext\u00e9rieur avec sa terrasse priv\u00e9e de 20m2, notre Deluxe Familiale est la chambre \u00e0 privil\u00e9gier !<\/p><p>\u00a0<\/p><p>Notre chambre Deluxe Familiale avec Terrasse est \u00e9quip\u00e9e d\u2019un lit double (180x200cm), d\u2019un canap\u00e9 convertible (160x200cm), d\u2019un double vitrage, d\u2019une <strong>douche \u00e0 l\u2019italienne<\/strong>, d\u2019un syst\u00e8me de climatisation\/chauffage r\u00e9versible et individuel, d\u2019un <strong>chauffage au sol<\/strong> dans la salle de bain, d\u2019une t\u00e9l\u00e9 connect\u00e9e Samsung Frame, d\u2019un mini frigidaire, d\u2019une machine \u00e0 caf\u00e9 Nespresso, de prises USB, mini USB et Ethernet, etc.<\/p>\t\t\t\t\t\t\t\t<\/div>\n\t\t\t\t<\/div>\n\t\t\t\t\t<\/div>\n\t\t<\/div>\n\t\t\t\t\t<\/div>\n\t\t<\/section>\n\t\t\t\t<section class=\"elementor-section elementor-top-section elementor-element elementor-element-1d6147af elementor-section-boxed elementor-section-height-default elementor-section-height-default\" data-id=\"1d6147af\" data-element_type=\"section\" data-e-type=\"section\">\n\t\t\t\t\t\t<div class=\"elementor-container elementor-column-gap-default\">\n\t\t\t\t\t<div class=\"elementor-column elementor-col-100 elementor-top-column elementor-element elementor-element-43cbed44\" data-id=\"43cbed44\" data-element_type=\"column\" data-e-type=\"column\">\n\t\t\t<div class=\"elementor-widget-wrap elementor-element-populated\">\n\t\t\t\t\t\t<div class=\"elementor-element elementor-element-5d36db9b elementor-widget elementor-widget-text-editor\" data-id=\"5d36db9b\" data-element_type=\"widget\" data-e-type=\"widget\" data-widget_type=\"text-editor.default\">\n\t\t\t\t<div class=\"elementor-widget-container\">\n\t\t\t\t\t\t\t\t\t<div class=\"chambres\">\n<div class=\"center\">&nbsp;<\/div>\n<\/div>\n<div class=\"chambres\">\n<div class=\"amenities full\">\n<div class=\"row\">\n<div class=\"col-lg-2 col-md-3 col-xs-6\"><span class=\"hotel-icon-047 hi-2x color-primary\" title=\"\" data-toggle=\"tooltip\" data-original-title=\"\">&nbsp;<\/span> <span class=\"center-block color-h1\">Acc\u00e8s WiFi gratuit<\/span><\/div>\n<div class=\"col-lg-2 col-md-3 col-xs-6\"><span class=\"hotel-icon-117 hi-2x color-primary\" title=\"\" data-toggle=\"tooltip\" data-original-title=\"\">&nbsp;<\/span> <span class=\"center-block color-h1\">Air conditionn\u00e9<\/span><\/div>\n<div class=\"col-lg-2 col-md-3 col-xs-6\"><span class=\"hotel-icon-157 hi-2x color-primary\" title=\"\" data-toggle=\"tooltip\" data-original-title=\"\">&nbsp;<\/span> <span class=\"center-block color-h1\">Mini r\u00e9frigirateur pour votre utilisation personnelle<\/span><\/div>\n<div class=\"col-lg-2 col-md-3 col-xs-6\"><span class=\"hotel-icon-008 hi-2x color-primary\" title=\"\" data-toggle=\"tooltip\" data-original-title=\"\">&nbsp;<\/span> <span class=\"center-block color-h1\">Douche<\/span><\/div>\n<div class=\"col-lg-2 col-md-3 col-xs-6\"><span class=\"hotel-icon-094 hi-2x color-primary\" title=\"\" data-toggle=\"tooltip\" data-original-title=\"\">&nbsp;<\/span> <span class=\"center-block color-h1\">Bouilloire<\/span><\/div>\n<div class=\"col-lg-2 col-md-3 col-xs-6\"><span class=\"hotel-icon-086 hi-2x color-primary\" title=\"\" data-toggle=\"tooltip\" data-original-title=\"\">&nbsp;<\/span> <span class=\"center-block color-h1\">Bureau<\/span><\/div>\n<div class=\"col-lg-2 col-md-3 col-xs-6\"><span class=\"hotel-icon-028 hi-2x color-primary\" title=\"\" data-toggle=\"tooltip\" data-original-title=\"\">&nbsp;<\/span> <span class=\"center-block color-h1\">Coffre fort individuel<\/span><\/div>\n<div class=\"col-lg-2 col-md-3 col-xs-6\"><span class=\"hotel-icon-007 hi-2x color-primary\" title=\"\" data-toggle=\"tooltip\" data-original-title=\"\">&nbsp;<\/span> <span class=\"center-block color-h1\">Double vitrage<\/span><\/div>\n<div class=\"col-lg-2 col-md-3 col-xs-6\"><span class=\"hotel-icon-032 hi-2x color-primary\" title=\"\" data-toggle=\"tooltip\" data-original-title=\"\">&nbsp;<\/span> <span class=\"center-block color-h1\">S\u00e8che-Cheveux et S\u00e8che-Serviette<\/span><\/div>\n<div class=\"col-lg-2 col-md-3 col-xs-6\"><span class=\"hotel-icon-010 hi-2x color-primary\" title=\"\" data-toggle=\"tooltip\" data-original-title=\"\">&nbsp;<\/span> <span class=\"center-block color-h1\">T\u00e9l\u00e9phone<\/span><\/div>\n<div class=\"col-lg-2 col-md-3 col-xs-6\"><span class=\"hotel-icon-170 hi-2x color-primary\" title=\"\" data-toggle=\"tooltip\" data-original-title=\"\">&nbsp;<\/span> <span class=\"center-block color-h1\">Produits d&rsquo;accueil<\/span><\/div>\n<div class=\"col-lg-2 col-md-3 col-xs-6\"><span class=\"hotel-icon-013 hi-2x color-primary\" title=\"\" data-toggle=\"tooltip\" data-original-title=\"\">&nbsp;<\/span> <span class=\"center-block color-h1\">T\u00e9l\u00e9 \u00e9cran plat avec cha\u00eenes internationales<\/span><\/div>\n<div class=\"col-lg-2 col-md-3 col-xs-6\"><span class=\"hotel-icon-125 hi-2x color-primary\" title=\"\" data-toggle=\"tooltip\" data-original-title=\"\">&nbsp;<\/span> <span class=\"center-block color-h1\">Lit King size (180*200) &#8211; <em>Lits jumeaux (2*90*200) disponibles sur demande<\/em><\/span><\/div>\n<div class=\"col-lg-2 col-md-3 col-xs-6\"><span class=\"hotel-icon-154 hi-2x color-primary\" title=\"\" data-toggle=\"tooltip\" data-original-title=\"\">&nbsp;<\/span> <span class=\"center-block color-h1\">Bouteille d\u2019eau offerte en chambre tous les jours<\/span><\/div>\n<div class=\"col-lg-2 col-md-3 col-xs-6\"><span class=\"hotel-icon-227 hi-2x color-primary\" title=\"\" data-toggle=\"tooltip\" data-original-title=\"\">&nbsp;<\/span> <span class=\"center-block color-h1\">Chauffage individuel<\/span><\/div>\n<div class=\"col-lg-2 col-md-3 col-xs-6\"><span class=\"hotel-icon-147 hi-2x color-primary\" title=\"\" data-toggle=\"tooltip\" data-original-title=\"\">&nbsp;<\/span> <span class=\"center-block color-h1\">Canap\u00e9 convertible<\/span><\/div>\n<div class=\"col-lg-2 col-md-3 col-xs-6\"><span class=\"hotel-icon-143 hi-2x color-primary\" title=\"\" data-toggle=\"tooltip\" data-original-title=\"\">&nbsp;<\/span> <span class=\"center-block color-h1\">Terrasse Priv\u00e9e<\/span><\/div>\n<\/div>\n<\/div>\n<\/div>\t\t\t\t\t\t\t\t<\/div>\n\t\t\t\t<\/div>\n\t\t\t\t\t<\/div>\n\t\t<\/div>\n\t\t\t\t\t<\/div>\n\t\t<\/section>\n\t\t\t\t<section class=\"elementor-section elementor-top-section elementor-element elementor-element-429c7f1c elementor-section-boxed elementor-section-height-default elementor-section-height-default\" data-id=\"429c7f1c\" data-element_type=\"section\" data-e-type=\"section\">\n\t\t\t\t\t\t<div class=\"elementor-container elementor-column-gap-default\">\n\t\t\t\t\t<div class=\"elementor-column elementor-col-100 elementor-top-column elementor-element elementor-element-1a1bd6f7\" data-id=\"1a1bd6f7\" data-element_type=\"column\" data-e-type=\"column\">\n\t\t\t<div class=\"elementor-widget-wrap elementor-element-populated\">\n\t\t\t\t\t\t<div class=\"elementor-element elementor-element-3329d898 elementor-widget elementor-widget-heading\" data-id=\"3329d898\" data-element_type=\"widget\" data-e-type=\"widget\" data-widget_type=\"heading.default\">\n\t\t\t\t<div class=\"elementor-widget-container\">\n\t\t\t\t\t<h2 class=\"elementor-heading-title elementor-size-default\">Room Directory<\/h2>\t\t\t\t<\/div>\n\t\t\t\t<\/div>\n\t\t\t\t\t<\/div>\n\t\t<\/div>\n\t\t\t\t\t<\/div>\n\t\t<\/section>\n\t\t\t\t<section class=\"elementor-section elementor-top-section elementor-element elementor-element-898515c elementor-section-boxed elementor-section-height-default elementor-section-height-default\" data-id=\"898515c\" data-element_type=\"section\" data-e-type=\"section\">\n\t\t\t\t\t\t<div class=\"elementor-container elementor-column-gap-default\">\n\t\t\t\t\t<div class=\"elementor-column elementor-col-100 elementor-top-column elementor-element elementor-element-2d07c2a6\" data-id=\"2d07c2a6\" data-element_type=\"column\" data-e-type=\"column\">\n\t\t\t<div class=\"elementor-widget-wrap elementor-element-populated\">\n\t\t\t\t\t\t<div class=\"elementor-element elementor-element-103cd33f elementor-widget elementor-widget-text-editor\" data-id=\"103cd33f\" data-element_type=\"widget\" data-e-type=\"widget\" data-widget_type=\"text-editor.default\">\n\t\t\t\t<div class=\"elementor-widget-container\">\n\t\t\t\t\t\t\t\t\t<p><span style=\"text-decoration: underline;\"><strong><em><a href=\"https:\/\/www.relais-monceau.com\/fr\/room-directory\/\" target=\"_blank\" rel=\"noopener\">D\u00e9couvrez notre Room Directory<\/a><\/em><\/strong><\/span><\/p>\t\t\t\t\t\t\t\t<\/div>\n\t\t\t\t<\/div>\n\t\t\t\t\t<\/div>\n\t\t<\/div>\n\t\t\t\t\t<\/div>\n\t\t<\/section>\n\t\t\t\t<\/div>\n\t\t","protected":false},"excerpt":{"rendered":"<p>Chambres Deluxe Familiale avec Terrasse &#8211; Relais Monceau Les chambres \u00ab\u00a0grand format\u00a0\u00bb Gr\u00e2ce au Relais Monceau &#8211; les week-end en [&hellip;]<\/p>\n","protected":false},"author":3,"featured_media":4153,"parent":0,"menu_order":0,"comment_status":"closed","ping_status":"closed","template":"","meta":{"footnotes":""},"class_list":["post-4662","page","type-page","status-publish","has-post-thumbnail","hentry"],"_links":{"self":[{"href":"https:\/\/www.relais-monceau.com\/fr\/wp-json\/wp\/v2\/pages\/4662","targetHints":{"allow":["GET"]}}],"collection":[{"href":"https:\/\/www.relais-monceau.com\/fr\/wp-json\/wp\/v2\/pages"}],"about":[{"href":"https:\/\/www.relais-monceau.com\/fr\/wp-json\/wp\/v2\/types\/page"}],"author":[{"embeddable":true,"href":"https:\/\/www.relais-monceau.com\/fr\/wp-json\/wp\/v2\/users\/3"}],"replies":[{"embeddable":true,"href":"https:\/\/www.relais-monceau.com\/fr\/wp-json\/wp\/v2\/comments?post=4662"}],"version-history":[{"count":20,"href":"https:\/\/www.relais-monceau.com\/fr\/wp-json\/wp\/v2\/pages\/4662\/revisions"}],"predecessor-version":[{"id":4935,"href":"https:\/\/www.relais-monceau.com\/fr\/wp-json\/wp\/v2\/pages\/4662\/revisions\/4935"}],"wp:featuredmedia":[{"embeddable":true,"href":"https:\/\/www.relais-monceau.com\/fr\/wp-json\/wp\/v2\/media\/4153"}],"wp:attachment":[{"href":"https:\/\/www.relais-monceau.com\/fr\/wp-json\/wp\/v2\/media?parent=4662"}],"curies":[{"name":"wp","href":"https:\/\/api.w.org\/{rel}","templated":true}]}}